{"id":5080,"date":"2024-11-11T17:33:26","date_gmt":"2024-11-11T17:33:26","guid":{"rendered":"https:\/\/sellon.mx\/?page_id=5080"},"modified":"2025-01-07T01:51:54","modified_gmt":"2025-01-07T01:51:54","slug":"accor","status":"publish","type":"page","link":"https:\/\/sellon.mx\/en\/accor\/","title":{"rendered":"Accor"},"content":{"rendered":"<div data-elementor-type=\"wp-page\" data-elementor-id=\"5080\" class=\"elementor elementor-5080\" data-elementor-post-type=\"page\">\n\t\t\t\t<div class=\"elementor-element elementor-element-34264871 e-flex e-con-boxed e-con e-parent\" data-id=\"34264871\" data-element_type=\"container\">\n\t\t\t\t\t<div class=\"e-con-inner\">\n\t\t<div class=\"elementor-element elementor-element-32c55eaa e-con-full e-flex e-con e-child\" data-id=\"32c55eaa\" data-element_type=\"container\">\n\t\t\t\t<div class=\"elementor-element elementor-element-3314653c elementor-widget elementor-widget-heading\" data-id=\"3314653c\" data-element_type=\"widget\" data-widget_type=\"heading.default\">\n\t\t\t\t<div class=\"elementor-widget-container\">\n\t\t\t<h2 class=\"elementor-heading-title elementor-size-default\">ACCOR<\/h2>\t\t<\/div>\n\t\t\t\t<\/div>\n\t\t\t\t<div class=\"elementor-element elementor-element-8a83ffb elementor-widget elementor-widget-heading\" data-id=\"8a83ffb\" data-element_type=\"widget\" data-widget_type=\"heading.default\">\n\t\t\t\t<div class=\"elementor-widget-container\">\n\t\t\t<h5 class=\"elementor-heading-title elementor-size-default\"><a href=\"https:\/\/sellon.mx\/en\/proyectos-sellon\/\">Regresar<\/a><\/h5>\t\t<\/div>\n\t\t\t\t<\/div>\n\t\t\t\t<div class=\"elementor-element elementor-element-475500ef elementor-widget elementor-widget-spacer\" data-id=\"475500ef\" data-element_type=\"widget\" data-widget_type=\"spacer.default\">\n\t\t\t\t<div class=\"elementor-widget-container\">\n\t\t\t\t\t<div class=\"elementor-spacer\">\n\t\t\t<div class=\"elementor-spacer-inner\"><\/div>\n\t\t<\/div>\n\t\t\t\t<\/div>\n\t\t\t\t<\/div>\n\t\t\t\t<div class=\"elementor-element elementor-element-31eb7355 elementor-widget-divider--view-line elementor-widget elementor-widget-divider\" data-id=\"31eb7355\" data-element_type=\"widget\" data-widget_type=\"divider.default\">\n\t\t\t\t<div class=\"elementor-widget-container\">\n\t\t\t\t\t<div class=\"elementor-divider\">\n\t\t\t<span class=\"elementor-divider-separator\">\n\t\t\t\t\t\t<\/span>\n\t\t<\/div>\n\t\t\t\t<\/div>\n\t\t\t\t<\/div>\n\t\t\t\t<\/div>\n\t\t\t\t\t<\/div>\n\t\t\t\t<\/div>\n\t\t<div class=\"elementor-element elementor-element-11d5fd5 e-flex e-con-boxed e-con e-parent\" data-id=\"11d5fd5\" data-element_type=\"container\">\n\t\t\t\t\t<div class=\"e-con-inner\">\n\t\t<div class=\"elementor-element elementor-element-c913637 e-con-full e-flex e-con e-child\" data-id=\"c913637\" data-element_type=\"container\">\n\t\t<div class=\"elementor-element elementor-element-c65ae2d e-con-full e-flex e-con e-child\" data-id=\"c65ae2d\" data-element_type=\"container\">\n\t\t<div class=\"elementor-element elementor-element-900ba73 e-con-full e-flex e-con e-child\" data-id=\"900ba73\" data-element_type=\"container\">\n\t\t\t\t<div class=\"elementor-element elementor-element-dcf88d1 elementor-widget elementor-widget-text-editor\" data-id=\"dcf88d1\" data-element_type=\"widget\" data-widget_type=\"text-editor.default\">\n\t\t\t\t<div class=\"elementor-widget-container\">\n\t\t\t\t\t\t\t<p>Industry<\/p>\t\t\t\t\t\t<\/div>\n\t\t\t\t<\/div>\n\t\t\t\t<div class=\"elementor-element elementor-element-7a70c66 elementor-widget elementor-widget-text-editor\" data-id=\"7a70c66\" data-element_type=\"widget\" data-widget_type=\"text-editor.default\">\n\t\t\t\t<div class=\"elementor-widget-container\">\n\t\t\t\t\t\t\t<p>Corporate<\/p>\t\t\t\t\t\t<\/div>\n\t\t\t\t<\/div>\n\t\t\t\t<\/div>\n\t\t\t\t<\/div>\n\t\t<div class=\"elementor-element elementor-element-777421a e-con-full e-flex e-con e-child\" data-id=\"777421a\" data-element_type=\"container\">\n\t\t<div class=\"elementor-element elementor-element-9d18a42 e-con-full e-flex e-con e-child\" data-id=\"9d18a42\" data-element_type=\"container\">\n\t\t\t\t<div class=\"elementor-element elementor-element-6c7bb38 elementor-widget elementor-widget-text-editor\" data-id=\"6c7bb38\" data-element_type=\"widget\" data-widget_type=\"text-editor.default\">\n\t\t\t\t<div class=\"elementor-widget-container\">\n\t\t\t\t\t\t\t<p>Client<\/p>\t\t\t\t\t\t<\/div>\n\t\t\t\t<\/div>\n\t\t\t\t<div class=\"elementor-element elementor-element-5fec7d5 elementor-widget elementor-widget-text-editor\" data-id=\"5fec7d5\" data-element_type=\"widget\" data-widget_type=\"text-editor.default\">\n\t\t\t\t<div class=\"elementor-widget-container\">\n\t\t\t\t\t\t\t<p>Accor<\/p>\t\t\t\t\t\t<\/div>\n\t\t\t\t<\/div>\n\t\t\t\t<\/div>\n\t\t\t\t<\/div>\n\t\t<div class=\"elementor-element elementor-element-63e83aa e-con-full e-flex e-con e-child\" data-id=\"63e83aa\" data-element_type=\"container\">\n\t\t<div class=\"elementor-element elementor-element-7defd88 e-con-full e-flex e-con e-child\" data-id=\"7defd88\" data-element_type=\"container\">\n\t\t\t\t<div class=\"elementor-element elementor-element-9a39750 elementor-widget elementor-widget-text-editor\" data-id=\"9a39750\" data-element_type=\"widget\" data-widget_type=\"text-editor.default\">\n\t\t\t\t<div class=\"elementor-widget-container\">\n\t\t\t\t\t\t\t<p>Year<\/p>\t\t\t\t\t\t<\/div>\n\t\t\t\t<\/div>\n\t\t\t\t<div class=\"elementor-element elementor-element-f481782 elementor-widget elementor-widget-text-editor\" data-id=\"f481782\" data-element_type=\"widget\" data-widget_type=\"text-editor.default\">\n\t\t\t\t<div class=\"elementor-widget-container\">\n\t\t\t\t\t\t\t<p>2024<\/p>\t\t\t\t\t\t<\/div>\n\t\t\t\t<\/div>\n\t\t\t\t<\/div>\n\t\t\t\t<\/div>\n\t\t<div class=\"elementor-element elementor-element-1d5bb8e e-con-full e-flex e-con e-child\" data-id=\"1d5bb8e\" data-element_type=\"container\">\n\t\t<div class=\"elementor-element elementor-element-7ae4ed2 e-con-full e-flex e-con e-child\" data-id=\"7ae4ed2\" data-element_type=\"container\">\n\t\t\t\t<div class=\"elementor-element elementor-element-7129e02 elementor-widget elementor-widget-text-editor\" data-id=\"7129e02\" data-element_type=\"widget\" data-widget_type=\"text-editor.default\">\n\t\t\t\t<div class=\"elementor-widget-container\">\n\t\t\t\t\t\t\t<p>Status<\/p>\t\t\t\t\t\t<\/div>\n\t\t\t\t<\/div>\n\t\t\t\t<div class=\"elementor-element elementor-element-d26597b elementor-widget elementor-widget-text-editor\" data-id=\"d26597b\" data-element_type=\"widget\" data-widget_type=\"text-editor.default\">\n\t\t\t\t<div class=\"elementor-widget-container\">\n\t\t\t\t\t\t\t<p>Under Construction<\/p>\t\t\t\t\t\t<\/div>\n\t\t\t\t<\/div>\n\t\t\t\t<\/div>\n\t\t\t\t<\/div>\n\t\t\t\t<\/div>\n\t\t\t\t\t<\/div>\n\t\t\t\t<\/div>\n\t\t<div class=\"elementor-element elementor-element-f7610ea e-con-full e-flex e-con e-parent\" data-id=\"f7610ea\" data-element_type=\"container\">\n\t\t\t\t<div class=\"elementor-element elementor-element-c0477ac elementor-widget__width-inherit elementor-widget elementor-widget-konte-category-banner\" data-id=\"c0477ac\" data-element_type=\"widget\" data-widget_type=\"konte-category-banner.default\">\n\t\t\t\t<div class=\"elementor-widget-container\">\n\t\t\t\t\t<div class=\"konte-category-banner align-left title-bottom\">\n\t\t\t<span class=\"konte-category-banner__link\">\n\t\t\t\t\t\t\t\t\t<span class=\"konte-category-banner__category\">Interior Design<\/span>\n\t\t\t\t\t\t\t\t<span class=\"konte-category-banner__image\">\n\t\t\t\t\t<img fetchpriority=\"high\" decoding=\"async\" width=\"2560\" height=\"1969\" src=\"https:\/\/sellon.mx\/wp-content\/uploads\/2024\/11\/Accor-Design_1-scaled.jpeg\" class=\"attachment-full size-full wp-image-5054\" alt=\"\" srcset=\"https:\/\/sellon.mx\/wp-content\/uploads\/2024\/11\/Accor-Design_1-scaled.jpeg 2560w, https:\/\/sellon.mx\/wp-content\/uploads\/2024\/11\/Accor-Design_1-300x231.jpeg 300w, https:\/\/sellon.mx\/wp-content\/uploads\/2024\/11\/Accor-Design_1-1024x788.jpeg 1024w, https:\/\/sellon.mx\/wp-content\/uploads\/2024\/11\/Accor-Design_1-768x591.jpeg 768w, https:\/\/sellon.mx\/wp-content\/uploads\/2024\/11\/Accor-Design_1-1536x1182.jpeg 1536w, https:\/\/sellon.mx\/wp-content\/uploads\/2024\/11\/Accor-Design_1-2048x1575.jpeg 2048w, https:\/\/sellon.mx\/wp-content\/uploads\/2024\/11\/Accor-Design_1-16x12.jpeg 16w, https:\/\/sellon.mx\/wp-content\/uploads\/2024\/11\/Accor-Design_1-840x646.jpeg 840w\" sizes=\"(max-width: 2560px) 100vw, 2560px\" \/>\t\t\t\t<\/span>\n\t\t\t\t<span class=\"konte-category-banner__content\">\n\t\t\t\t\t<h4 class=\"konte-category-banner__title\"><\/h4>\n\t\t\t\t\t\t\t\t\t<\/span>\n\t\t\t<\/span>\n\t\t<\/div>\n\t\t\t\t<\/div>\n\t\t\t\t<\/div>\n\t\t\t\t<\/div>\n\t\t<div class=\"elementor-element elementor-element-d2c7d13 e-con-full e-flex e-con e-parent\" data-id=\"d2c7d13\" data-element_type=\"container\" data-settings=\"{&quot;background_background&quot;:&quot;classic&quot;}\">\n\t\t\t\t<div class=\"elementor-element elementor-element-f5879aa elementor-widget elementor-widget-konte-tabs\" data-id=\"f5879aa\" data-element_type=\"widget\" data-widget_type=\"konte-tabs.default\">\n\t\t\t\t<div class=\"elementor-widget-container\">\n\t\t\t\t\t<div class=\"konte-tabs konte-tabs--vertical\" role=\"tablist\">\n\t\t\t<div class=\"konte-tabs__tabs\">\n\t\t\t\t\t\t\t\t\t<div id=\"konte-tab-title-2571\" class=\"konte-tab__title konte-tab__title--desktop\" data-tab=\"1\" role=\"tab\" aria-controls=\"konte-tab-content-2571\"><a href=\"#konte-tab-content-2571\">Team<\/a><\/div>\n\t\t\t\t\t\t\t\t\t<div id=\"konte-tab-title-2572\" class=\"konte-tab__title konte-tab__title--desktop\" data-tab=\"2\" role=\"tab\" aria-controls=\"konte-tab-content-2572\"><a href=\"#konte-tab-content-2572\">Intervention<\/a><\/div>\n\t\t\t\t\t\t\t<\/div>\n\t\t\t<div class=\"konte-tabs__content\">\n\t\t\t\t\t\t\t\t\t<div class=\"konte-tab__title konte-tab__title--mobile\" data-tab=\"1\" role=\"tab\">Team<\/div>\n\t\t\t\t\t<div id=\"konte-tab-content-2571\" class=\"konte-tab__content clearfix\" data-tab=\"1\" role=\"tabpanel\" aria-labelledby=\"konte-tab-title-2571\"><p><span style=\"font-weight: 400;\">Design Project Management: Francisco Navarro<\/span><\/p><p><span style=\"font-weight: 400;\">Interior Design: Vicky Navarro<\/span><\/p><p><span style=\"font-weight: 400;\">Creative Direction: Laura S\u00e1nchez<\/span><\/p><p><span style=\"font-weight: 400;\">Project: Diego Trejo<\/span><\/p><p><span style=\"font-weight: 400;\">3D Visualization: Geovani Mart\u00ednez<\/span><\/p><\/div>\n\t\t\t\t\t\t\t\t\t<div class=\"konte-tab__title konte-tab__title--mobile\" data-tab=\"2\" role=\"tab\">Intervention<\/div>\n\t\t\t\t\t<div id=\"konte-tab-content-2572\" class=\"konte-tab__content clearfix\" data-tab=\"2\" role=\"tabpanel\" aria-labelledby=\"konte-tab-title-2572\"><ul><li>Interior Design<\/li><\/ul><\/div>\n\t\t\t\t\t\t\t<\/div>\n\t\t<\/div>\n\t\t\t\t<\/div>\n\t\t\t\t<\/div>\n\t\t\t\t<\/div>\n\t\t<div class=\"elementor-element elementor-element-6d277d0 e-flex e-con-boxed e-con e-parent\" data-id=\"6d277d0\" data-element_type=\"container\">\n\t\t\t\t\t<div class=\"e-con-inner\">\n\t\t\t\t<div class=\"elementor-element elementor-element-a4ed03c elementor-widget elementor-widget-spacer\" data-id=\"a4ed03c\" data-element_type=\"widget\" data-widget_type=\"spacer.default\">\n\t\t\t\t<div class=\"elementor-widget-container\">\n\t\t\t\t\t<div class=\"elementor-spacer\">\n\t\t\t<div class=\"elementor-spacer-inner\"><\/div>\n\t\t<\/div>\n\t\t\t\t<\/div>\n\t\t\t\t<\/div>\n\t\t\t\t\t<\/div>\n\t\t\t\t<\/div>\n\t\t<div class=\"elementor-element elementor-element-3d3ec64 e-flex e-con-boxed e-con e-parent\" data-id=\"3d3ec64\" data-element_type=\"container\">\n\t\t\t\t\t<div class=\"e-con-inner\">\n\t\t\t\t<div class=\"elementor-element elementor-element-5b1ff75 elementor-hidden-tablet elementor-hidden-mobile elementor-widget elementor-widget-konte-banner-grid\" data-id=\"5b1ff75\" data-element_type=\"widget\" data-widget_type=\"konte-banner-grid.default\">\n\t\t\t\t<div class=\"elementor-widget-container\">\n\t\t\t\t\t<div class=\"konte-banner-grid konte-banner-grid--elementor\">\n\t\t\t\t\t<div class=\"konte-banner-grid__banner konte-banner-grid__banner1 text-position-top-left konte-banner-grid__banner--content-top-left\">\n\t\t\t<span class=\"konte-banner-grid__banner-link\" title=\"\">\n\t\t\t\t<span class=\"konte-banner-grid__banner-image banner-image\"><\/span>\n\t\t\t\t<span class=\"konte-banner-grid__banner-content banner-content\">\n\t\t\t\t\t\n\t\t\t\t\t<span class=\"konte-banner-grid__banner-text button-title\"><\/span>\n\n\t\t\t\t\t\t\t\t\t<\/span>\n\t\t\t<\/span>\n\t\t<\/div>\n\t\t\t\t<div class=\"konte-banner-grid__banner konte-banner-grid__banner2 text-position-top-left konte-banner-grid__banner--content-top-left\">\n\t\t\t<span class=\"konte-banner-grid__banner-link\" title=\"\">\n\t\t\t\t<span class=\"konte-banner-grid__banner-image banner-image\"><\/span>\n\t\t\t\t<span class=\"konte-banner-grid__banner-content banner-content\">\n\t\t\t\t\t\n\t\t\t\t\t<span class=\"konte-banner-grid__banner-text button-title\"><\/span>\n\n\t\t\t\t\t\t\t\t\t<\/span>\n\t\t\t<\/span>\n\t\t<\/div>\n\t\t\t\t<div class=\"konte-banner-grid__banner konte-banner-grid__banner3 text-position-top-left konte-banner-grid__banner--content-top-left\">\n\t\t\t<span class=\"konte-banner-grid__banner-link\" title=\"\">\n\t\t\t\t<span class=\"konte-banner-grid__banner-image banner-image\"><\/span>\n\t\t\t\t<span class=\"konte-banner-grid__banner-content banner-content\">\n\t\t\t\t\t\n\t\t\t\t\t<span class=\"konte-banner-grid__banner-text button-title\"><\/span>\n\n\t\t\t\t\t\t\t\t\t<\/span>\n\t\t\t<\/span>\n\t\t<\/div>\n\t\t\t\t<div class=\"konte-banner-grid__banner konte-banner-grid__banner4 text-position-top-left konte-banner-grid__banner--content-top-left\">\n\t\t\t<span class=\"konte-banner-grid__banner-link\" title=\"\">\n\t\t\t\t<span class=\"konte-banner-grid__banner-image banner-image\"><\/span>\n\t\t\t\t<span class=\"konte-banner-grid__banner-content banner-content\">\n\t\t\t\t\t\n\t\t\t\t\t<span class=\"konte-banner-grid__banner-text button-title\"><\/span>\n\n\t\t\t\t\t\t\t\t\t<\/span>\n\t\t\t<\/span>\n\t\t<\/div>\n\t\t\t\t<\/div>\n\t\t\t\t<\/div>\n\t\t\t\t<\/div>\n\t\t\t\t\t<\/div>\n\t\t\t\t<\/div>\n\t\t<div class=\"elementor-element elementor-element-dfb71fa e-flex e-con-boxed e-con e-parent\" data-id=\"dfb71fa\" data-element_type=\"container\">\n\t\t\t\t\t<div class=\"e-con-inner\">\n\t\t\t\t<div class=\"elementor-element elementor-element-7daf24f elementor-widget elementor-widget-gallery\" data-id=\"7daf24f\" data-element_type=\"widget\" data-settings=\"{&quot;lazyload&quot;:&quot;yes&quot;,&quot;gallery_layout&quot;:&quot;grid&quot;,&quot;columns&quot;:4,&quot;columns_tablet&quot;:2,&quot;columns_mobile&quot;:1,&quot;gap&quot;:{&quot;unit&quot;:&quot;px&quot;,&quot;size&quot;:10,&quot;sizes&quot;:[]},&quot;gap_tablet&quot;:{&quot;unit&quot;:&quot;px&quot;,&quot;size&quot;:10,&quot;sizes&quot;:[]},&quot;gap_mobile&quot;:{&quot;unit&quot;:&quot;px&quot;,&quot;size&quot;:10,&quot;sizes&quot;:[]},&quot;link_to&quot;:&quot;file&quot;,&quot;aspect_ratio&quot;:&quot;3:2&quot;,&quot;overlay_background&quot;:&quot;yes&quot;,&quot;content_hover_animation&quot;:&quot;fade-in&quot;}\" data-widget_type=\"gallery.default\">\n\t\t\t\t<div class=\"elementor-widget-container\">\n\t\t\t\t\t<div class=\"elementor-gallery__container\">\n\t\t\t\t\t\t\t<a class=\"e-gallery-item elementor-gallery-item elementor-animated-content\" href=\"https:\/\/sellon.mx\/wp-content\/uploads\/2024\/11\/Accor-Design_3-scaled.jpeg\" data-elementor-open-lightbox=\"yes\" data-elementor-lightbox-slideshow=\"7daf24f\" data-elementor-lightbox-title=\"Accor Design 3\" data-e-action-hash=\"#elementor-action%3Aaction%3Dlightbox%26settings%3DeyJpZCI6NTA1MiwidXJsIjoiaHR0cHM6XC9cL3NlbGxvbi5teFwvd3AtY29udGVudFwvdXBsb2Fkc1wvMjAyNFwvMTFcL0FjY29yLURlc2lnbl8zLXNjYWxlZC5qcGVnIiwic2xpZGVzaG93IjoiN2RhZjI0ZiJ9\">\n\t\t\t\t\t<div class=\"e-gallery-image elementor-gallery-item__image\" data-thumbnail=\"https:\/\/sellon.mx\/wp-content\/uploads\/2024\/11\/Accor-Design_3-300x231.jpeg\" data-width=\"300\" data-height=\"231\" aria-label=\"\" role=\"img\" ><\/div>\n\t\t\t\t\t\t\t\t\t\t\t<div class=\"elementor-gallery-item__overlay\"><\/div>\n\t\t\t\t\t\t\t\t\t\t\t\t\t\t<\/a>\n\t\t\t\t\t\t\t<a class=\"e-gallery-item elementor-gallery-item elementor-animated-content\" href=\"https:\/\/sellon.mx\/wp-content\/uploads\/2024\/11\/Accor-Design_6-scaled.jpeg\" data-elementor-open-lightbox=\"yes\" data-elementor-lightbox-slideshow=\"7daf24f\" data-elementor-lightbox-title=\"Accor Design 6\" data-e-action-hash=\"#elementor-action%3Aaction%3Dlightbox%26settings%3DeyJpZCI6NTA0OSwidXJsIjoiaHR0cHM6XC9cL3NlbGxvbi5teFwvd3AtY29udGVudFwvdXBsb2Fkc1wvMjAyNFwvMTFcL0FjY29yLURlc2lnbl82LXNjYWxlZC5qcGVnIiwic2xpZGVzaG93IjoiN2RhZjI0ZiJ9\">\n\t\t\t\t\t<div class=\"e-gallery-image elementor-gallery-item__image\" data-thumbnail=\"https:\/\/sellon.mx\/wp-content\/uploads\/2024\/11\/Accor-Design_6-300x231.jpeg\" data-width=\"300\" data-height=\"231\" aria-label=\"\" role=\"img\" ><\/div>\n\t\t\t\t\t\t\t\t\t\t\t<div class=\"elementor-gallery-item__overlay\"><\/div>\n\t\t\t\t\t\t\t\t\t\t\t\t\t\t<\/a>\n\t\t\t\t\t\t\t<a class=\"e-gallery-item elementor-gallery-item elementor-animated-content\" href=\"https:\/\/sellon.mx\/wp-content\/uploads\/2024\/11\/Accor-Design_5-scaled.jpeg\" data-elementor-open-lightbox=\"yes\" data-elementor-lightbox-slideshow=\"7daf24f\" data-elementor-lightbox-title=\"Accor Design 5\" data-e-action-hash=\"#elementor-action%3Aaction%3Dlightbox%26settings%3DeyJpZCI6NTA1MCwidXJsIjoiaHR0cHM6XC9cL3NlbGxvbi5teFwvd3AtY29udGVudFwvdXBsb2Fkc1wvMjAyNFwvMTFcL0FjY29yLURlc2lnbl81LXNjYWxlZC5qcGVnIiwic2xpZGVzaG93IjoiN2RhZjI0ZiJ9\">\n\t\t\t\t\t<div class=\"e-gallery-image elementor-gallery-item__image\" data-thumbnail=\"https:\/\/sellon.mx\/wp-content\/uploads\/2024\/11\/Accor-Design_5-300x231.jpeg\" data-width=\"300\" data-height=\"231\" aria-label=\"\" role=\"img\" ><\/div>\n\t\t\t\t\t\t\t\t\t\t\t<div class=\"elementor-gallery-item__overlay\"><\/div>\n\t\t\t\t\t\t\t\t\t\t\t\t\t\t<\/a>\n\t\t\t\t\t\t\t<a class=\"e-gallery-item elementor-gallery-item elementor-animated-content\" href=\"https:\/\/sellon.mx\/wp-content\/uploads\/2024\/11\/Accor-Design_10-scaled.jpeg\" data-elementor-open-lightbox=\"yes\" data-elementor-lightbox-slideshow=\"7daf24f\" data-elementor-lightbox-title=\"Accor Design 10\" data-e-action-hash=\"#elementor-action%3Aaction%3Dlightbox%26settings%3DeyJpZCI6NTA0NSwidXJsIjoiaHR0cHM6XC9cL3NlbGxvbi5teFwvd3AtY29udGVudFwvdXBsb2Fkc1wvMjAyNFwvMTFcL0FjY29yLURlc2lnbl8xMC1zY2FsZWQuanBlZyIsInNsaWRlc2hvdyI6IjdkYWYyNGYifQ%3D%3D\">\n\t\t\t\t\t<div class=\"e-gallery-image elementor-gallery-item__image\" data-thumbnail=\"https:\/\/sellon.mx\/wp-content\/uploads\/2024\/11\/Accor-Design_10-300x231.jpeg\" data-width=\"300\" data-height=\"231\" aria-label=\"\" role=\"img\" ><\/div>\n\t\t\t\t\t\t\t\t\t\t\t<div class=\"elementor-gallery-item__overlay\"><\/div>\n\t\t\t\t\t\t\t\t\t\t\t\t\t\t<\/a>\n\t\t\t\t\t\t\t<a class=\"e-gallery-item elementor-gallery-item elementor-animated-content\" href=\"https:\/\/sellon.mx\/wp-content\/uploads\/2024\/11\/Accor-Design_11-scaled.jpeg\" data-elementor-open-lightbox=\"yes\" data-elementor-lightbox-slideshow=\"7daf24f\" data-elementor-lightbox-title=\"Accor Design 11\" data-e-action-hash=\"#elementor-action%3Aaction%3Dlightbox%26settings%3DeyJpZCI6NTA0NCwidXJsIjoiaHR0cHM6XC9cL3NlbGxvbi5teFwvd3AtY29udGVudFwvdXBsb2Fkc1wvMjAyNFwvMTFcL0FjY29yLURlc2lnbl8xMS1zY2FsZWQuanBlZyIsInNsaWRlc2hvdyI6IjdkYWYyNGYifQ%3D%3D\">\n\t\t\t\t\t<div class=\"e-gallery-image elementor-gallery-item__image\" data-thumbnail=\"https:\/\/sellon.mx\/wp-content\/uploads\/2024\/11\/Accor-Design_11-300x231.jpeg\" data-width=\"300\" data-height=\"231\" aria-label=\"\" role=\"img\" ><\/div>\n\t\t\t\t\t\t\t\t\t\t\t<div class=\"elementor-gallery-item__overlay\"><\/div>\n\t\t\t\t\t\t\t\t\t\t\t\t\t\t<\/a>\n\t\t\t\t\t<\/div>\n\t\t\t<\/div>\n\t\t\t\t<\/div>\n\t\t\t\t\t<\/div>\n\t\t\t\t<\/div>\n\t\t<div class=\"elementor-element elementor-element-1b4a6a0 e-flex e-con-boxed e-con e-parent\" data-id=\"1b4a6a0\" data-element_type=\"container\">\n\t\t\t\t\t<div class=\"e-con-inner\">\n\t\t\t\t<div class=\"elementor-element elementor-element-b12df12 elementor-widget elementor-widget-spacer\" data-id=\"b12df12\" data-element_type=\"widget\" data-widget_type=\"spacer.default\">\n\t\t\t\t<div class=\"elementor-widget-container\">\n\t\t\t\t\t<div class=\"elementor-spacer\">\n\t\t\t<div class=\"elementor-spacer-inner\"><\/div>\n\t\t<\/div>\n\t\t\t\t<\/div>\n\t\t\t\t<\/div>\n\t\t\t\t\t<\/div>\n\t\t\t\t<\/div>\n\t\t<div class=\"elementor-element elementor-element-7d494abe e-flex e-con-boxed e-con e-parent\" data-id=\"7d494abe\" data-element_type=\"container\">\n\t\t\t\t\t<div class=\"e-con-inner\">\n\t\t<div class=\"elementor-element elementor-element-5f1b7307 e-con-full e-flex e-con e-child\" data-id=\"5f1b7307\" data-element_type=\"container\">\n\t\t<div class=\"elementor-element elementor-element-516ffb22 e-con-full e-flex e-con e-child\" data-id=\"516ffb22\" data-element_type=\"container\">\n\t\t<div class=\"elementor-element elementor-element-33072a37 e-con-full e-flex e-con e-child\" data-id=\"33072a37\" data-element_type=\"container\">\n\t\t\t\t<div class=\"elementor-element elementor-element-5373d25b elementor-view-default elementor-widget elementor-widget-icon\" data-id=\"5373d25b\" data-element_type=\"widget\" data-widget_type=\"icon.default\">\n\t\t\t\t<div class=\"elementor-widget-container\">\n\t\t\t\t\t<div class=\"elementor-icon-wrapper\">\n\t\t\t<div class=\"elementor-icon\">\n\t\t\t<svg aria-hidden=\"true\" class=\"e-font-icon-svg e-far-dot-circle\" viewbox=\"0 0 512 512\" xmlns=\"http:\/\/www.w3.org\/2000\/svg\"><path d=\"M256 56c110.532 0 200 89.451 200 200 0 110.532-89.451 200-200 200-110.532 0-200-89.451-200-200 0-110.532 89.451-200 200-200m0-48C119.033 8 8 119.033 8 256s111.033 248 248 248 248-111.033 248-248S392.967 8 256 8zm0 168c-44.183 0-80 35.817-80 80s35.817 80 80 80 80-35.817 80-80-35.817-80-80-80z\"><\/path><\/svg>\t\t\t<\/div>\n\t\t<\/div>\n\t\t\t\t<\/div>\n\t\t\t\t<\/div>\n\t\t\t\t<div class=\"elementor-element elementor-element-64321299 elementor-widget elementor-widget-text-editor\" data-id=\"64321299\" data-element_type=\"widget\" data-widget_type=\"text-editor.default\">\n\t\t\t\t<div class=\"elementor-widget-container\">\n\t\t\t\t\t\t\t<p>Contact Us<\/p>\t\t\t\t\t\t<\/div>\n\t\t\t\t<\/div>\n\t\t\t\t<div class=\"elementor-element elementor-element-3a01c672 elementor-widget elementor-widget-text-editor\" data-id=\"3a01c672\" data-element_type=\"widget\" data-widget_type=\"text-editor.default\">\n\t\t\t\t<div class=\"elementor-widget-container\">\n\t\t\t\t\t\t\t<p><span style=\"font-weight: 400;\">hola@sellon.mx<\/span><\/p>\t\t\t\t\t\t<\/div>\n\t\t\t\t<\/div>\n\t\t\t\t<div class=\"elementor-element elementor-element-52f82a1c elementor-widget elementor-widget-text-editor\" data-id=\"52f82a1c\" data-element_type=\"widget\" data-widget_type=\"text-editor.default\">\n\t\t\t\t<div class=\"elementor-widget-container\">\n\t\t\t\t\t\t\t<p><span style=\"font-weight: 400;\">IG <a href=\"https:\/\/www.instagram.com\/sello.n\/\">@sello<\/a><\/span><\/p>\t\t\t\t\t\t<\/div>\n\t\t\t\t<\/div>\n\t\t\t\t<div class=\"elementor-element elementor-element-70ae68ce elementor-widget elementor-widget-text-editor\" data-id=\"70ae68ce\" data-element_type=\"widget\" data-widget_type=\"text-editor.default\">\n\t\t\t\t<div class=\"elementor-widget-container\">\n\t\t\t\t\t\t\t<p><span style=\"font-weight: 400;\">LinkedIn <a href=\"https:\/\/www.linkedin.com\/company\/sello-n\/\">Sello N<\/a><\/span><\/p>\t\t\t\t\t\t<\/div>\n\t\t\t\t<\/div>\n\t\t\t\t<\/div>\n\t\t\t\t<\/div>\n\t\t\t\t<\/div>\n\t\t<div class=\"elementor-element elementor-element-5356db4 e-con-full e-flex e-con e-child\" data-id=\"5356db4\" data-element_type=\"container\">\n\t\t\t\t<\/div>\n\t\t<div class=\"elementor-element elementor-element-21ba8bee e-con-full e-flex e-con e-child\" data-id=\"21ba8bee\" data-element_type=\"container\">\n\t\t\t\t<\/div>\n\t\t\t\t\t<\/div>\n\t\t\t\t<\/div>\n\t\t\t\t<\/div>","protected":false},"excerpt":{"rendered":"<p>ACCOR Giro Oficinas Cliente Accor A\u00f1o 2024 Status En Construcci\u00f3n Dise\u00f1o de Interiores Equipo Intervenci\u00f3n Equipo Direcci\u00f3n de proyecto de dise\u00f1o: Francisco Navarro Dise\u00f1o de Interiores: Vicky Navarro Direcci\u00f3n Creativa:&hellip;<\/p>","protected":false},"author":1,"featured_media":0,"parent":0,"menu_order":0,"comment_status":"closed","ping_status":"closed","template":"","meta":{"_monsterinsights_skip_tracking":false,"_monsterinsights_sitenote_active":false,"_monsterinsights_sitenote_note":"","_monsterinsights_sitenote_category":0,"footnotes":""},"class_list":["post-5080","page","type-page","status-publish","hentry"],"aioseo_notices":[],"_links":{"self":[{"href":"https:\/\/sellon.mx\/en\/wp-json\/wp\/v2\/pages\/5080"}],"collection":[{"href":"https:\/\/sellon.mx\/en\/wp-json\/wp\/v2\/pages"}],"about":[{"href":"https:\/\/sellon.mx\/en\/wp-json\/wp\/v2\/types\/page"}],"author":[{"embeddable":true,"href":"https:\/\/sellon.mx\/en\/wp-json\/wp\/v2\/users\/1"}],"replies":[{"embeddable":true,"href":"https:\/\/sellon.mx\/en\/wp-json\/wp\/v2\/comments?post=5080"}],"version-history":[{"count":29,"href":"https:\/\/sellon.mx\/en\/wp-json\/wp\/v2\/pages\/5080\/revisions"}],"predecessor-version":[{"id":5938,"href":"https:\/\/sellon.mx\/en\/wp-json\/wp\/v2\/pages\/5080\/revisions\/5938"}],"wp:attachment":[{"href":"https:\/\/sellon.mx\/en\/wp-json\/wp\/v2\/media?parent=5080"}],"curies":[{"name":"wp","href":"https:\/\/api.w.org\/{rel}","templated":true}]}}