{"id":5070,"date":"2024-11-11T17:29:53","date_gmt":"2024-11-11T17:29:53","guid":{"rendered":"https:\/\/sellon.mx\/?page_id=5070"},"modified":"2025-01-07T01:38:53","modified_gmt":"2025-01-07T01:38:53","slug":"barro-santo","status":"publish","type":"page","link":"https:\/\/sellon.mx\/en\/barro-santo\/","title":{"rendered":"Barro Santo"},"content":{"rendered":"<div data-elementor-type=\"wp-page\" data-elementor-id=\"5070\" class=\"elementor elementor-5070\" data-elementor-post-type=\"page\">\n\t\t\t\t<div class=\"elementor-element elementor-element-34264871 e-flex e-con-boxed e-con e-parent\" data-id=\"34264871\" data-element_type=\"container\">\n\t\t\t\t\t<div class=\"e-con-inner\">\n\t\t<div class=\"elementor-element elementor-element-32c55eaa e-con-full e-flex e-con e-child\" data-id=\"32c55eaa\" data-element_type=\"container\">\n\t\t\t\t<div class=\"elementor-element elementor-element-3314653c elementor-widget elementor-widget-heading\" data-id=\"3314653c\" data-element_type=\"widget\" data-widget_type=\"heading.default\">\n\t\t\t\t<div class=\"elementor-widget-container\">\n\t\t\t<h2 class=\"elementor-heading-title elementor-size-default\">BARRO SANTO<\/h2>\t\t<\/div>\n\t\t\t\t<\/div>\n\t\t\t\t<div class=\"elementor-element elementor-element-dfe38f0 elementor-widget elementor-widget-heading\" data-id=\"dfe38f0\" data-element_type=\"widget\" data-widget_type=\"heading.default\">\n\t\t\t\t<div class=\"elementor-widget-container\">\n\t\t\t<h5 class=\"elementor-heading-title elementor-size-default\"><a href=\"https:\/\/sellon.mx\/en\/proyectos-sellon\/\">Regresar<\/a><\/h5>\t\t<\/div>\n\t\t\t\t<\/div>\n\t\t\t\t<div class=\"elementor-element elementor-element-475500ef elementor-widget elementor-widget-spacer\" data-id=\"475500ef\" data-element_type=\"widget\" data-widget_type=\"spacer.default\">\n\t\t\t\t<div class=\"elementor-widget-container\">\n\t\t\t\t\t<div class=\"elementor-spacer\">\n\t\t\t<div class=\"elementor-spacer-inner\"><\/div>\n\t\t<\/div>\n\t\t\t\t<\/div>\n\t\t\t\t<\/div>\n\t\t\t\t<div class=\"elementor-element elementor-element-31eb7355 elementor-widget-divider--view-line elementor-widget elementor-widget-divider\" data-id=\"31eb7355\" data-element_type=\"widget\" data-widget_type=\"divider.default\">\n\t\t\t\t<div class=\"elementor-widget-container\">\n\t\t\t\t\t<div class=\"elementor-divider\">\n\t\t\t<span class=\"elementor-divider-separator\">\n\t\t\t\t\t\t<\/span>\n\t\t<\/div>\n\t\t\t\t<\/div>\n\t\t\t\t<\/div>\n\t\t\t\t<\/div>\n\t\t\t\t\t<\/div>\n\t\t\t\t<\/div>\n\t\t<div class=\"elementor-element elementor-element-11d5fd5 e-flex e-con-boxed e-con e-parent\" data-id=\"11d5fd5\" data-element_type=\"container\">\n\t\t\t\t\t<div class=\"e-con-inner\">\n\t\t<div class=\"elementor-element elementor-element-c913637 e-con-full e-flex e-con e-child\" data-id=\"c913637\" data-element_type=\"container\">\n\t\t<div class=\"elementor-element elementor-element-c65ae2d e-con-full e-flex e-con e-child\" data-id=\"c65ae2d\" data-element_type=\"container\">\n\t\t<div class=\"elementor-element elementor-element-900ba73 e-con-full e-flex e-con e-child\" data-id=\"900ba73\" data-element_type=\"container\">\n\t\t\t\t<div class=\"elementor-element elementor-element-dcf88d1 elementor-widget elementor-widget-text-editor\" data-id=\"dcf88d1\" data-element_type=\"widget\" data-widget_type=\"text-editor.default\">\n\t\t\t\t<div class=\"elementor-widget-container\">\n\t\t\t\t\t\t\t<p>Industry<\/p>\t\t\t\t\t\t<\/div>\n\t\t\t\t<\/div>\n\t\t\t\t<div class=\"elementor-element elementor-element-7a70c66 elementor-widget elementor-widget-text-editor\" data-id=\"7a70c66\" data-element_type=\"widget\" data-widget_type=\"text-editor.default\">\n\t\t\t\t<div class=\"elementor-widget-container\">\n\t\t\t\t\t\t\t<p>Food &amp; Beverages<\/p>\t\t\t\t\t\t<\/div>\n\t\t\t\t<\/div>\n\t\t\t\t<\/div>\n\t\t\t\t<\/div>\n\t\t<div class=\"elementor-element elementor-element-777421a e-con-full e-flex e-con e-child\" data-id=\"777421a\" data-element_type=\"container\">\n\t\t<div class=\"elementor-element elementor-element-9d18a42 e-con-full e-flex e-con e-child\" data-id=\"9d18a42\" data-element_type=\"container\">\n\t\t\t\t<div class=\"elementor-element elementor-element-6c7bb38 elementor-widget elementor-widget-text-editor\" data-id=\"6c7bb38\" data-element_type=\"widget\" data-widget_type=\"text-editor.default\">\n\t\t\t\t<div class=\"elementor-widget-container\">\n\t\t\t\t\t\t\t<p>Client<\/p>\t\t\t\t\t\t<\/div>\n\t\t\t\t<\/div>\n\t\t\t\t<div class=\"elementor-element elementor-element-5fec7d5 elementor-widget elementor-widget-text-editor\" data-id=\"5fec7d5\" data-element_type=\"widget\" data-widget_type=\"text-editor.default\">\n\t\t\t\t<div class=\"elementor-widget-container\">\n\t\t\t\t\t\t\t<p>Barro Santo<\/p>\t\t\t\t\t\t<\/div>\n\t\t\t\t<\/div>\n\t\t\t\t<\/div>\n\t\t\t\t<\/div>\n\t\t<div class=\"elementor-element elementor-element-63e83aa e-con-full e-flex e-con e-child\" data-id=\"63e83aa\" data-element_type=\"container\">\n\t\t<div class=\"elementor-element elementor-element-7defd88 e-con-full e-flex e-con e-child\" data-id=\"7defd88\" data-element_type=\"container\">\n\t\t\t\t<div class=\"elementor-element elementor-element-9a39750 elementor-widget elementor-widget-text-editor\" data-id=\"9a39750\" data-element_type=\"widget\" data-widget_type=\"text-editor.default\">\n\t\t\t\t<div class=\"elementor-widget-container\">\n\t\t\t\t\t\t\t<p>Year<\/p>\t\t\t\t\t\t<\/div>\n\t\t\t\t<\/div>\n\t\t\t\t<div class=\"elementor-element elementor-element-f481782 elementor-widget elementor-widget-text-editor\" data-id=\"f481782\" data-element_type=\"widget\" data-widget_type=\"text-editor.default\">\n\t\t\t\t<div class=\"elementor-widget-container\">\n\t\t\t\t\t\t\t<p>2024<\/p>\t\t\t\t\t\t<\/div>\n\t\t\t\t<\/div>\n\t\t\t\t<\/div>\n\t\t\t\t<\/div>\n\t\t<div class=\"elementor-element elementor-element-1d5bb8e e-con-full e-flex e-con e-child\" data-id=\"1d5bb8e\" data-element_type=\"container\">\n\t\t<div class=\"elementor-element elementor-element-7ae4ed2 e-con-full e-flex e-con e-child\" data-id=\"7ae4ed2\" data-element_type=\"container\">\n\t\t\t\t<div class=\"elementor-element elementor-element-7129e02 elementor-widget elementor-widget-text-editor\" data-id=\"7129e02\" data-element_type=\"widget\" data-widget_type=\"text-editor.default\">\n\t\t\t\t<div class=\"elementor-widget-container\">\n\t\t\t\t\t\t\t<p>Status<\/p>\t\t\t\t\t\t<\/div>\n\t\t\t\t<\/div>\n\t\t\t\t<div class=\"elementor-element elementor-element-d26597b elementor-widget elementor-widget-text-editor\" data-id=\"d26597b\" data-element_type=\"widget\" data-widget_type=\"text-editor.default\">\n\t\t\t\t<div class=\"elementor-widget-container\">\n\t\t\t\t\t\t\t<p>Under Construction<\/p>\t\t\t\t\t\t<\/div>\n\t\t\t\t<\/div>\n\t\t\t\t<\/div>\n\t\t\t\t<\/div>\n\t\t\t\t<\/div>\n\t\t\t\t\t<\/div>\n\t\t\t\t<\/div>\n\t\t<div class=\"elementor-element elementor-element-f7610ea e-con-full e-flex e-con e-parent\" data-id=\"f7610ea\" data-element_type=\"container\">\n\t\t\t\t<div class=\"elementor-element elementor-element-c0477ac elementor-widget__width-inherit elementor-widget elementor-widget-konte-category-banner\" data-id=\"c0477ac\" data-element_type=\"widget\" data-widget_type=\"konte-category-banner.default\">\n\t\t\t\t<div class=\"elementor-widget-container\">\n\t\t\t\t\t<div class=\"konte-category-banner align-left title-bottom\">\n\t\t\t<span class=\"konte-category-banner__link\">\n\t\t\t\t\t\t\t\t\t<span class=\"konte-category-banner__category\">Interior Design<\/span>\n\t\t\t\t\t\t\t\t<span class=\"konte-category-banner__image\">\n\t\t\t\t\t<img fetchpriority=\"high\" decoding=\"async\" width=\"2560\" height=\"1707\" src=\"https:\/\/sellon.mx\/wp-content\/uploads\/2024\/11\/Barro-Santo_5-scaled.jpeg\" class=\"attachment-full size-full wp-image-5039\" alt=\"\" srcset=\"https:\/\/sellon.mx\/wp-content\/uploads\/2024\/11\/Barro-Santo_5-scaled.jpeg 2560w, https:\/\/sellon.mx\/wp-content\/uploads\/2024\/11\/Barro-Santo_5-300x200.jpeg 300w, https:\/\/sellon.mx\/wp-content\/uploads\/2024\/11\/Barro-Santo_5-1024x683.jpeg 1024w, https:\/\/sellon.mx\/wp-content\/uploads\/2024\/11\/Barro-Santo_5-768x512.jpeg 768w, https:\/\/sellon.mx\/wp-content\/uploads\/2024\/11\/Barro-Santo_5-1536x1024.jpeg 1536w, https:\/\/sellon.mx\/wp-content\/uploads\/2024\/11\/Barro-Santo_5-2048x1365.jpeg 2048w, https:\/\/sellon.mx\/wp-content\/uploads\/2024\/11\/Barro-Santo_5-18x12.jpeg 18w, https:\/\/sellon.mx\/wp-content\/uploads\/2024\/11\/Barro-Santo_5-100x68.jpeg 100w, https:\/\/sellon.mx\/wp-content\/uploads\/2024\/11\/Barro-Santo_5-450x300.jpeg 450w, https:\/\/sellon.mx\/wp-content\/uploads\/2024\/11\/Barro-Santo_5-840x560.jpeg 840w\" sizes=\"(max-width: 2560px) 100vw, 2560px\" \/>\t\t\t\t<\/span>\n\t\t\t\t<span class=\"konte-category-banner__content\">\n\t\t\t\t\t<h4 class=\"konte-category-banner__title\"><\/h4>\n\t\t\t\t\t\t\t\t\t<\/span>\n\t\t\t<\/span>\n\t\t<\/div>\n\t\t\t\t<\/div>\n\t\t\t\t<\/div>\n\t\t\t\t<\/div>\n\t\t<div class=\"elementor-element elementor-element-d2c7d13 e-con-full e-flex e-con e-parent\" data-id=\"d2c7d13\" data-element_type=\"container\" data-settings=\"{&quot;background_background&quot;:&quot;classic&quot;}\">\n\t\t\t\t<div class=\"elementor-element elementor-element-f5879aa elementor-widget elementor-widget-konte-tabs\" data-id=\"f5879aa\" data-element_type=\"widget\" data-widget_type=\"konte-tabs.default\">\n\t\t\t\t<div class=\"elementor-widget-container\">\n\t\t\t\t\t<div class=\"konte-tabs konte-tabs--vertical\" role=\"tablist\">\n\t\t\t<div class=\"konte-tabs__tabs\">\n\t\t\t\t\t\t\t\t\t<div id=\"konte-tab-title-2571\" class=\"konte-tab__title konte-tab__title--desktop\" data-tab=\"1\" role=\"tab\" aria-controls=\"konte-tab-content-2571\"><a href=\"#konte-tab-content-2571\">Context<\/a><\/div>\n\t\t\t\t\t\t\t\t\t<div id=\"konte-tab-title-2572\" class=\"konte-tab__title konte-tab__title--desktop\" data-tab=\"2\" role=\"tab\" aria-controls=\"konte-tab-content-2572\"><a href=\"#konte-tab-content-2572\">Inspiration<\/a><\/div>\n\t\t\t\t\t\t\t\t\t<div id=\"konte-tab-title-2573\" class=\"konte-tab__title konte-tab__title--desktop\" data-tab=\"3\" role=\"tab\" aria-controls=\"konte-tab-content-2573\"><a href=\"#konte-tab-content-2573\">Intervention<\/a><\/div>\n\t\t\t\t\t\t\t\t\t<div id=\"konte-tab-title-2574\" class=\"konte-tab__title konte-tab__title--desktop\" data-tab=\"4\" role=\"tab\" aria-controls=\"konte-tab-content-2574\"><a href=\"#konte-tab-content-2574\">Team<\/a><\/div>\n\t\t\t\t\t\t\t<\/div>\n\t\t\t<div class=\"konte-tabs__content\">\n\t\t\t\t\t\t\t\t\t<div class=\"konte-tab__title konte-tab__title--mobile\" data-tab=\"1\" role=\"tab\">Context<\/div>\n\t\t\t\t\t<div id=\"konte-tab-content-2571\" class=\"konte-tab__content clearfix\" data-tab=\"1\" role=\"tabpanel\" aria-labelledby=\"konte-tab-title-2571\"><p><span style=\"font-weight: 400;\">We provided design consultancy for the renovation Barro Santo restaurant, located within the National Museum of Anthropology and History. Aware of the great responsibility involved intervening in one of the most important architectural and cultural spaces in the world, and maintaining the original work by Pedro Ram\u00edrez V\u00e1zquez, Rafael Mijares, and Jorge Campuzano, we carried out a re-interpretation of the original design, integrating contemporary design elements.<\/span><\/p><p>\u00a0<\/p><\/div>\n\t\t\t\t\t\t\t\t\t<div class=\"konte-tab__title konte-tab__title--mobile\" data-tab=\"2\" role=\"tab\">Inspiration<\/div>\n\t\t\t\t\t<div id=\"konte-tab-content-2572\" class=\"konte-tab__content clearfix\" data-tab=\"2\" role=\"tabpanel\" aria-labelledby=\"konte-tab-title-2572\"><p><span style=\"font-weight: 400;\">As a starting point, we took the original ceiling panel with its pre-Hispanic symbol and made various proposals to explore how it could be incorporated into the space.\u00a0<\/span><\/p><p><span style=\"font-weight: 400;\">Materials such as plaster and wood were proposed as a tribute to the design and architecture of the 20th century.<\/span><\/p><p><span style=\"font-weight: 400;\">Based on the pre-Hispanic elements from the ceiling panel, we proposed the creation of patterns that could be applied to different surfaces. <\/span><\/p><\/div>\n\t\t\t\t\t\t\t\t\t<div class=\"konte-tab__title konte-tab__title--mobile\" data-tab=\"3\" role=\"tab\">Intervention<\/div>\n\t\t\t\t\t<div id=\"konte-tab-content-2573\" class=\"konte-tab__content clearfix\" data-tab=\"3\" role=\"tabpanel\" aria-labelledby=\"konte-tab-title-2573\"><ul><li>Interior Design<\/li><\/ul><\/div>\n\t\t\t\t\t\t\t\t\t<div class=\"konte-tab__title konte-tab__title--mobile\" data-tab=\"4\" role=\"tab\">Team<\/div>\n\t\t\t\t\t<div id=\"konte-tab-content-2574\" class=\"konte-tab__content clearfix\" data-tab=\"4\" role=\"tabpanel\" aria-labelledby=\"konte-tab-title-2574\"><p><span style=\"font-weight: 400;\">Project Management: Francisco Navarro<\/span><\/p><p><span style=\"font-weight: 400;\">Creative Direction: Laura S\u00e1nchez<\/span><\/p><p><span style=\"font-weight: 400;\">Project: Diana Aceves and Carlos Gutierrez\u00a0<\/span><\/p><p><span style=\"font-weight: 400;\">3D Visualization: Geovani Mart\u00ednez<\/span><\/p><\/div>\n\t\t\t\t\t\t\t<\/div>\n\t\t<\/div>\n\t\t\t\t<\/div>\n\t\t\t\t<\/div>\n\t\t\t\t<\/div>\n\t\t<div class=\"elementor-element elementor-element-6d277d0 e-flex e-con-boxed e-con e-parent\" data-id=\"6d277d0\" data-element_type=\"container\">\n\t\t\t\t\t<div class=\"e-con-inner\">\n\t\t\t\t<div class=\"elementor-element elementor-element-a4ed03c elementor-widget elementor-widget-spacer\" data-id=\"a4ed03c\" data-element_type=\"widget\" data-widget_type=\"spacer.default\">\n\t\t\t\t<div class=\"elementor-widget-container\">\n\t\t\t\t\t<div class=\"elementor-spacer\">\n\t\t\t<div class=\"elementor-spacer-inner\"><\/div>\n\t\t<\/div>\n\t\t\t\t<\/div>\n\t\t\t\t<\/div>\n\t\t\t\t\t<\/div>\n\t\t\t\t<\/div>\n\t\t<div class=\"elementor-element elementor-element-3d3ec64 e-flex e-con-boxed e-con e-parent\" data-id=\"3d3ec64\" data-element_type=\"container\">\n\t\t\t\t\t<div class=\"e-con-inner\">\n\t\t\t\t<div class=\"elementor-element elementor-element-5b1ff75 elementor-hidden-tablet elementor-hidden-mobile elementor-widget elementor-widget-konte-banner-grid\" data-id=\"5b1ff75\" data-element_type=\"widget\" data-widget_type=\"konte-banner-grid.default\">\n\t\t\t\t<div class=\"elementor-widget-container\">\n\t\t\t\t\t<div class=\"konte-banner-grid konte-banner-grid--elementor\">\n\t\t\t\t\t<div class=\"konte-banner-grid__banner konte-banner-grid__banner1 text-position-top-left konte-banner-grid__banner--content-top-left\">\n\t\t\t<span class=\"konte-banner-grid__banner-link\" title=\"\">\n\t\t\t\t<span class=\"konte-banner-grid__banner-image banner-image\"><\/span>\n\t\t\t\t<span class=\"konte-banner-grid__banner-content banner-content\">\n\t\t\t\t\t\n\t\t\t\t\t<span class=\"konte-banner-grid__banner-text button-title\"><\/span>\n\n\t\t\t\t\t\t\t\t\t<\/span>\n\t\t\t<\/span>\n\t\t<\/div>\n\t\t\t\t<div class=\"konte-banner-grid__banner konte-banner-grid__banner2 text-position-top-left konte-banner-grid__banner--content-top-left\">\n\t\t\t<span class=\"konte-banner-grid__banner-link\" title=\"\">\n\t\t\t\t<span class=\"konte-banner-grid__banner-image banner-image\"><\/span>\n\t\t\t\t<span class=\"konte-banner-grid__banner-content banner-content\">\n\t\t\t\t\t\n\t\t\t\t\t<span class=\"konte-banner-grid__banner-text button-title\"><\/span>\n\n\t\t\t\t\t\t\t\t\t<\/span>\n\t\t\t<\/span>\n\t\t<\/div>\n\t\t\t\t<div class=\"konte-banner-grid__banner konte-banner-grid__banner3 text-position-top-left konte-banner-grid__banner--content-top-left\">\n\t\t\t<span class=\"konte-banner-grid__banner-link\" title=\"\">\n\t\t\t\t<span class=\"konte-banner-grid__banner-image banner-image\"><\/span>\n\t\t\t\t<span class=\"konte-banner-grid__banner-content banner-content\">\n\t\t\t\t\t\n\t\t\t\t\t<span class=\"konte-banner-grid__banner-text button-title\"><\/span>\n\n\t\t\t\t\t\t\t\t\t<\/span>\n\t\t\t<\/span>\n\t\t<\/div>\n\t\t\t\t<div class=\"konte-banner-grid__banner konte-banner-grid__banner4 text-position-top-left konte-banner-grid__banner--content-top-left\">\n\t\t\t<span class=\"konte-banner-grid__banner-link\" title=\"\">\n\t\t\t\t<span class=\"konte-banner-grid__banner-image banner-image\"><\/span>\n\t\t\t\t<span class=\"konte-banner-grid__banner-content banner-content\">\n\t\t\t\t\t\n\t\t\t\t\t<span class=\"konte-banner-grid__banner-text button-title\"><\/span>\n\n\t\t\t\t\t\t\t\t\t<\/span>\n\t\t\t<\/span>\n\t\t<\/div>\n\t\t\t\t<\/div>\n\t\t\t\t<\/div>\n\t\t\t\t<\/div>\n\t\t\t\t\t<\/div>\n\t\t\t\t<\/div>\n\t\t<div class=\"elementor-element elementor-element-7d494abe e-flex e-con-boxed e-con e-parent\" data-id=\"7d494abe\" data-element_type=\"container\">\n\t\t\t\t\t<div class=\"e-con-inner\">\n\t\t<div class=\"elementor-element elementor-element-5f1b7307 e-con-full e-flex e-con e-child\" data-id=\"5f1b7307\" data-element_type=\"container\">\n\t\t<div class=\"elementor-element elementor-element-516ffb22 e-con-full e-flex e-con e-child\" data-id=\"516ffb22\" data-element_type=\"container\">\n\t\t<div class=\"elementor-element elementor-element-33072a37 e-con-full e-flex e-con e-child\" data-id=\"33072a37\" data-element_type=\"container\">\n\t\t\t\t<div class=\"elementor-element elementor-element-5373d25b elementor-view-default elementor-widget elementor-widget-icon\" data-id=\"5373d25b\" data-element_type=\"widget\" data-widget_type=\"icon.default\">\n\t\t\t\t<div class=\"elementor-widget-container\">\n\t\t\t\t\t<div class=\"elementor-icon-wrapper\">\n\t\t\t<div class=\"elementor-icon\">\n\t\t\t<svg aria-hidden=\"true\" class=\"e-font-icon-svg e-far-dot-circle\" viewbox=\"0 0 512 512\" xmlns=\"http:\/\/www.w3.org\/2000\/svg\"><path d=\"M256 56c110.532 0 200 89.451 200 200 0 110.532-89.451 200-200 200-110.532 0-200-89.451-200-200 0-110.532 89.451-200 200-200m0-48C119.033 8 8 119.033 8 256s111.033 248 248 248 248-111.033 248-248S392.967 8 256 8zm0 168c-44.183 0-80 35.817-80 80s35.817 80 80 80 80-35.817 80-80-35.817-80-80-80z\"><\/path><\/svg>\t\t\t<\/div>\n\t\t<\/div>\n\t\t\t\t<\/div>\n\t\t\t\t<\/div>\n\t\t\t\t<div class=\"elementor-element elementor-element-64321299 elementor-widget elementor-widget-text-editor\" data-id=\"64321299\" data-element_type=\"widget\" data-widget_type=\"text-editor.default\">\n\t\t\t\t<div class=\"elementor-widget-container\">\n\t\t\t\t\t\t\t<p>Contact Us<\/p>\t\t\t\t\t\t<\/div>\n\t\t\t\t<\/div>\n\t\t\t\t<div class=\"elementor-element elementor-element-3a01c672 elementor-widget elementor-widget-text-editor\" data-id=\"3a01c672\" data-element_type=\"widget\" data-widget_type=\"text-editor.default\">\n\t\t\t\t<div class=\"elementor-widget-container\">\n\t\t\t\t\t\t\t<p><span style=\"font-weight: 400;\">hola@sellon.mx<\/span><\/p>\t\t\t\t\t\t<\/div>\n\t\t\t\t<\/div>\n\t\t\t\t<div class=\"elementor-element elementor-element-52f82a1c elementor-widget elementor-widget-text-editor\" data-id=\"52f82a1c\" data-element_type=\"widget\" data-widget_type=\"text-editor.default\">\n\t\t\t\t<div class=\"elementor-widget-container\">\n\t\t\t\t\t\t\t<p><span style=\"font-weight: 400;\">IG <a href=\"https:\/\/www.instagram.com\/sello.n\/\">@sello<\/a><\/span><\/p>\t\t\t\t\t\t<\/div>\n\t\t\t\t<\/div>\n\t\t\t\t<div class=\"elementor-element elementor-element-70ae68ce elementor-widget elementor-widget-text-editor\" data-id=\"70ae68ce\" data-element_type=\"widget\" data-widget_type=\"text-editor.default\">\n\t\t\t\t<div class=\"elementor-widget-container\">\n\t\t\t\t\t\t\t<p><span style=\"font-weight: 400;\">LinkedIn <a href=\"https:\/\/www.linkedin.com\/company\/sello-n\/\">Sello N<\/a><\/span><\/p>\t\t\t\t\t\t<\/div>\n\t\t\t\t<\/div>\n\t\t\t\t<\/div>\n\t\t\t\t<\/div>\n\t\t\t\t<\/div>\n\t\t<div class=\"elementor-element elementor-element-5356db4 e-con-full e-flex e-con e-child\" data-id=\"5356db4\" data-element_type=\"container\">\n\t\t\t\t<\/div>\n\t\t<div class=\"elementor-element elementor-element-21ba8bee e-con-full e-flex e-con e-child\" data-id=\"21ba8bee\" data-element_type=\"container\">\n\t\t\t\t<\/div>\n\t\t\t\t\t<\/div>\n\t\t\t\t<\/div>\n\t\t\t\t<\/div>","protected":false},"excerpt":{"rendered":"<p>BARRO SANTO Regresar Giro Food &amp; Beverages Cliente Barro Santo A\u00f1o 2024 Status En Construcci\u00f3n Dise\u00f1o de Interiores Contexto Inspiraci\u00f3n Intervenci\u00f3n Equipo Contexto Realizamos la consultor\u00eda de dise\u00f1o para la&hellip;<\/p>","protected":false},"author":1,"featured_media":0,"parent":0,"menu_order":0,"comment_status":"closed","ping_status":"closed","template":"","meta":{"_monsterinsights_skip_tracking":false,"_monsterinsights_sitenote_active":false,"_monsterinsights_sitenote_note":"","_monsterinsights_sitenote_category":0,"footnotes":""},"class_list":["post-5070","page","type-page","status-publish","hentry"],"aioseo_notices":[],"_links":{"self":[{"href":"https:\/\/sellon.mx\/en\/wp-json\/wp\/v2\/pages\/5070"}],"collection":[{"href":"https:\/\/sellon.mx\/en\/wp-json\/wp\/v2\/pages"}],"about":[{"href":"https:\/\/sellon.mx\/en\/wp-json\/wp\/v2\/types\/page"}],"author":[{"embeddable":true,"href":"https:\/\/sellon.mx\/en\/wp-json\/wp\/v2\/users\/1"}],"replies":[{"embeddable":true,"href":"https:\/\/sellon.mx\/en\/wp-json\/wp\/v2\/comments?post=5070"}],"version-history":[{"count":42,"href":"https:\/\/sellon.mx\/en\/wp-json\/wp\/v2\/pages\/5070\/revisions"}],"predecessor-version":[{"id":5901,"href":"https:\/\/sellon.mx\/en\/wp-json\/wp\/v2\/pages\/5070\/revisions\/5901"}],"wp:attachment":[{"href":"https:\/\/sellon.mx\/en\/wp-json\/wp\/v2\/media?parent=5070"}],"curies":[{"name":"wp","href":"https:\/\/api.w.org\/{rel}","templated":true}]}}