{"id":4683,"date":"2024-11-10T21:09:45","date_gmt":"2024-11-10T21:09:45","guid":{"rendered":"https:\/\/sellon.mx\/?page_id=4683"},"modified":"2025-01-07T01:37:10","modified_gmt":"2025-01-07T01:37:10","slug":"ibis-aeropuerto","status":"publish","type":"page","link":"https:\/\/sellon.mx\/en\/ibis-aeropuerto\/","title":{"rendered":"Ibis Aeropuerto"},"content":{"rendered":"<div data-elementor-type=\"wp-page\" data-elementor-id=\"4683\" class=\"elementor elementor-4683\" data-elementor-post-type=\"page\">\n\t\t\t\t<div class=\"elementor-element elementor-element-34264871 e-flex e-con-boxed e-con e-parent\" data-id=\"34264871\" data-element_type=\"container\">\n\t\t\t\t\t<div class=\"e-con-inner\">\n\t\t<div class=\"elementor-element elementor-element-32c55eaa e-con-full e-flex e-con e-child\" data-id=\"32c55eaa\" data-element_type=\"container\">\n\t\t\t\t<div class=\"elementor-element elementor-element-3314653c elementor-widget elementor-widget-heading\" data-id=\"3314653c\" data-element_type=\"widget\" data-widget_type=\"heading.default\">\n\t\t\t\t<div class=\"elementor-widget-container\">\n\t\t\t<h2 class=\"elementor-heading-title elementor-size-default\">IBIS MONTERREY AEROPUERTO<br><\/h2>\t\t<\/div>\n\t\t\t\t<\/div>\n\t\t\t\t<div class=\"elementor-element elementor-element-b8457af elementor-widget elementor-widget-heading\" data-id=\"b8457af\" data-element_type=\"widget\" data-widget_type=\"heading.default\">\n\t\t\t\t<div class=\"elementor-widget-container\">\n\t\t\t<h5 class=\"elementor-heading-title elementor-size-default\"><a href=\"https:\/\/sellon.mx\/en\/proyectos-sellon\/\">Regresar<\/a><\/h5>\t\t<\/div>\n\t\t\t\t<\/div>\n\t\t\t\t<div class=\"elementor-element elementor-element-475500ef elementor-widget elementor-widget-spacer\" data-id=\"475500ef\" data-element_type=\"widget\" data-widget_type=\"spacer.default\">\n\t\t\t\t<div class=\"elementor-widget-container\">\n\t\t\t\t\t<div class=\"elementor-spacer\">\n\t\t\t<div class=\"elementor-spacer-inner\"><\/div>\n\t\t<\/div>\n\t\t\t\t<\/div>\n\t\t\t\t<\/div>\n\t\t\t\t<div class=\"elementor-element elementor-element-31eb7355 elementor-widget-divider--view-line elementor-widget elementor-widget-divider\" data-id=\"31eb7355\" data-element_type=\"widget\" data-widget_type=\"divider.default\">\n\t\t\t\t<div class=\"elementor-widget-container\">\n\t\t\t\t\t<div class=\"elementor-divider\">\n\t\t\t<span class=\"elementor-divider-separator\">\n\t\t\t\t\t\t<\/span>\n\t\t<\/div>\n\t\t\t\t<\/div>\n\t\t\t\t<\/div>\n\t\t\t\t<\/div>\n\t\t\t\t\t<\/div>\n\t\t\t\t<\/div>\n\t\t<div class=\"elementor-element elementor-element-11d5fd5 e-flex e-con-boxed e-con e-parent\" data-id=\"11d5fd5\" data-element_type=\"container\">\n\t\t\t\t\t<div class=\"e-con-inner\">\n\t\t<div class=\"elementor-element elementor-element-c913637 e-con-full e-flex e-con e-child\" data-id=\"c913637\" data-element_type=\"container\">\n\t\t<div class=\"elementor-element elementor-element-c65ae2d e-con-full e-flex e-con e-child\" data-id=\"c65ae2d\" data-element_type=\"container\">\n\t\t<div class=\"elementor-element elementor-element-900ba73 e-con-full e-flex e-con e-child\" data-id=\"900ba73\" data-element_type=\"container\">\n\t\t\t\t<div class=\"elementor-element elementor-element-dcf88d1 elementor-widget elementor-widget-text-editor\" data-id=\"dcf88d1\" data-element_type=\"widget\" data-widget_type=\"text-editor.default\">\n\t\t\t\t<div class=\"elementor-widget-container\">\n\t\t\t\t\t\t\t<p>Industry<\/p>\t\t\t\t\t\t<\/div>\n\t\t\t\t<\/div>\n\t\t\t\t<div class=\"elementor-element elementor-element-7a70c66 elementor-widget elementor-widget-text-editor\" data-id=\"7a70c66\" data-element_type=\"widget\" data-widget_type=\"text-editor.default\">\n\t\t\t\t<div class=\"elementor-widget-container\">\n\t\t\t\t\t\t\t<p>Hospitality<\/p>\t\t\t\t\t\t<\/div>\n\t\t\t\t<\/div>\n\t\t\t\t<\/div>\n\t\t\t\t<\/div>\n\t\t<div class=\"elementor-element elementor-element-777421a e-con-full e-flex e-con e-child\" data-id=\"777421a\" data-element_type=\"container\">\n\t\t<div class=\"elementor-element elementor-element-9d18a42 e-con-full e-flex e-con e-child\" data-id=\"9d18a42\" data-element_type=\"container\">\n\t\t\t\t<div class=\"elementor-element elementor-element-6c7bb38 elementor-widget elementor-widget-text-editor\" data-id=\"6c7bb38\" data-element_type=\"widget\" data-widget_type=\"text-editor.default\">\n\t\t\t\t<div class=\"elementor-widget-container\">\n\t\t\t\t\t\t\t<p>Client<\/p>\t\t\t\t\t\t<\/div>\n\t\t\t\t<\/div>\n\t\t\t\t<div class=\"elementor-element elementor-element-5fec7d5 elementor-widget elementor-widget-text-editor\" data-id=\"5fec7d5\" data-element_type=\"widget\" data-widget_type=\"text-editor.default\">\n\t\t\t\t<div class=\"elementor-widget-container\">\n\t\t\t\t\t\t\t<p>IBIS Aeropuerto Mty<\/p>\t\t\t\t\t\t<\/div>\n\t\t\t\t<\/div>\n\t\t\t\t<\/div>\n\t\t\t\t<\/div>\n\t\t<div class=\"elementor-element elementor-element-63e83aa e-con-full e-flex e-con e-child\" data-id=\"63e83aa\" data-element_type=\"container\">\n\t\t<div class=\"elementor-element elementor-element-7defd88 e-con-full e-flex e-con e-child\" data-id=\"7defd88\" data-element_type=\"container\">\n\t\t\t\t<div class=\"elementor-element elementor-element-9a39750 elementor-widget elementor-widget-text-editor\" data-id=\"9a39750\" data-element_type=\"widget\" data-widget_type=\"text-editor.default\">\n\t\t\t\t<div class=\"elementor-widget-container\">\n\t\t\t\t\t\t\t<p>Year<\/p>\t\t\t\t\t\t<\/div>\n\t\t\t\t<\/div>\n\t\t\t\t<div class=\"elementor-element elementor-element-f481782 elementor-widget elementor-widget-text-editor\" data-id=\"f481782\" data-element_type=\"widget\" data-widget_type=\"text-editor.default\">\n\t\t\t\t<div class=\"elementor-widget-container\">\n\t\t\t\t\t\t\t<p>2024<\/p>\t\t\t\t\t\t<\/div>\n\t\t\t\t<\/div>\n\t\t\t\t<\/div>\n\t\t\t\t<\/div>\n\t\t<div class=\"elementor-element elementor-element-1d5bb8e e-con-full e-flex e-con e-child\" data-id=\"1d5bb8e\" data-element_type=\"container\">\n\t\t<div class=\"elementor-element elementor-element-7ae4ed2 e-con-full e-flex e-con e-child\" data-id=\"7ae4ed2\" data-element_type=\"container\">\n\t\t\t\t<div class=\"elementor-element elementor-element-7129e02 elementor-widget elementor-widget-text-editor\" data-id=\"7129e02\" data-element_type=\"widget\" data-widget_type=\"text-editor.default\">\n\t\t\t\t<div class=\"elementor-widget-container\">\n\t\t\t\t\t\t\t<p>Status<\/p>\t\t\t\t\t\t<\/div>\n\t\t\t\t<\/div>\n\t\t\t\t<div class=\"elementor-element elementor-element-d26597b elementor-widget elementor-widget-text-editor\" data-id=\"d26597b\" data-element_type=\"widget\" data-widget_type=\"text-editor.default\">\n\t\t\t\t<div class=\"elementor-widget-container\">\n\t\t\t\t\t\t\t<p>Under Construction<\/p>\t\t\t\t\t\t<\/div>\n\t\t\t\t<\/div>\n\t\t\t\t<\/div>\n\t\t\t\t<\/div>\n\t\t\t\t<\/div>\n\t\t\t\t\t<\/div>\n\t\t\t\t<\/div>\n\t\t<div class=\"elementor-element elementor-element-f7610ea e-con-full e-flex e-con e-parent\" data-id=\"f7610ea\" data-element_type=\"container\">\n\t\t\t\t<div class=\"elementor-element elementor-element-c0477ac elementor-widget__width-inherit elementor-widget elementor-widget-konte-category-banner\" data-id=\"c0477ac\" data-element_type=\"widget\" data-widget_type=\"konte-category-banner.default\">\n\t\t\t\t<div class=\"elementor-widget-container\">\n\t\t\t\t\t<div class=\"konte-category-banner align-left title-bottom\">\n\t\t\t<span class=\"konte-category-banner__link\">\n\t\t\t\t\t\t\t\t\t<span class=\"konte-category-banner__category\">IBIS Moterrey Aeropuerto<\/span>\n\t\t\t\t\t\t\t\t<span class=\"konte-category-banner__image\">\n\t\t\t\t\t<img fetchpriority=\"high\" decoding=\"async\" width=\"1999\" height=\"1538\" src=\"https:\/\/sellon.mx\/wp-content\/uploads\/2024\/11\/Ibis-Mty-Aeropuerto_13.jpeg\" class=\"attachment-full size-full wp-image-4651\" alt=\"\" srcset=\"https:\/\/sellon.mx\/wp-content\/uploads\/2024\/11\/Ibis-Mty-Aeropuerto_13.jpeg 1999w, https:\/\/sellon.mx\/wp-content\/uploads\/2024\/11\/Ibis-Mty-Aeropuerto_13-300x231.jpeg 300w, https:\/\/sellon.mx\/wp-content\/uploads\/2024\/11\/Ibis-Mty-Aeropuerto_13-1024x788.jpeg 1024w, https:\/\/sellon.mx\/wp-content\/uploads\/2024\/11\/Ibis-Mty-Aeropuerto_13-768x591.jpeg 768w, https:\/\/sellon.mx\/wp-content\/uploads\/2024\/11\/Ibis-Mty-Aeropuerto_13-1536x1182.jpeg 1536w, https:\/\/sellon.mx\/wp-content\/uploads\/2024\/11\/Ibis-Mty-Aeropuerto_13-16x12.jpeg 16w, https:\/\/sellon.mx\/wp-content\/uploads\/2024\/11\/Ibis-Mty-Aeropuerto_13-840x646.jpeg 840w\" sizes=\"(max-width: 1999px) 100vw, 1999px\" \/>\t\t\t\t<\/span>\n\t\t\t\t<span class=\"konte-category-banner__content\">\n\t\t\t\t\t<h4 class=\"konte-category-banner__title\"><\/h4>\n\t\t\t\t\t\t\t\t\t<\/span>\n\t\t\t<\/span>\n\t\t<\/div>\n\t\t\t\t<\/div>\n\t\t\t\t<\/div>\n\t\t\t\t<\/div>\n\t\t<div class=\"elementor-element elementor-element-d2c7d13 e-con-full e-flex e-con e-parent\" data-id=\"d2c7d13\" data-element_type=\"container\" data-settings=\"{&quot;background_background&quot;:&quot;classic&quot;}\">\n\t\t\t\t<div class=\"elementor-element elementor-element-f5879aa elementor-widget elementor-widget-konte-tabs\" data-id=\"f5879aa\" data-element_type=\"widget\" data-widget_type=\"konte-tabs.default\">\n\t\t\t\t<div class=\"elementor-widget-container\">\n\t\t\t\t\t<div class=\"konte-tabs konte-tabs--vertical\" role=\"tablist\">\n\t\t\t<div class=\"konte-tabs__tabs\">\n\t\t\t\t\t\t\t\t\t<div id=\"konte-tab-title-2571\" class=\"konte-tab__title konte-tab__title--desktop\" data-tab=\"1\" role=\"tab\" aria-controls=\"konte-tab-content-2571\"><a href=\"#konte-tab-content-2571\">Intervention<\/a><\/div>\n\t\t\t\t\t\t\t\t\t<div id=\"konte-tab-title-2572\" class=\"konte-tab__title konte-tab__title--desktop\" data-tab=\"2\" role=\"tab\" aria-controls=\"konte-tab-content-2572\"><a href=\"#konte-tab-content-2572\">Context<\/a><\/div>\n\t\t\t\t\t\t\t\t\t<div id=\"konte-tab-title-2573\" class=\"konte-tab__title konte-tab__title--desktop\" data-tab=\"3\" role=\"tab\" aria-controls=\"konte-tab-content-2573\"><a href=\"#konte-tab-content-2573\">Team<\/a><\/div>\n\t\t\t\t\t\t\t<\/div>\n\t\t\t<div class=\"konte-tabs__content\">\n\t\t\t\t\t\t\t\t\t<div class=\"konte-tab__title konte-tab__title--mobile\" data-tab=\"1\" role=\"tab\">Intervention<\/div>\n\t\t\t\t\t<div id=\"konte-tab-content-2571\" class=\"konte-tab__content clearfix\" data-tab=\"1\" role=\"tabpanel\" aria-labelledby=\"konte-tab-title-2571\"><ul><li>Architectural Management and Supervision<\/li><li>Interior Design<\/li><\/ul><\/div>\n\t\t\t\t\t\t\t\t\t<div class=\"konte-tab__title konte-tab__title--mobile\" data-tab=\"2\" role=\"tab\">Context<\/div>\n\t\t\t\t\t<div id=\"konte-tab-content-2572\" class=\"konte-tab__content clearfix\" data-tab=\"2\" role=\"tabpanel\" aria-labelledby=\"konte-tab-title-2572\"><p><span style=\"font-weight: 400;\">The IBIS hotels showcase a range of contemporary designs inspired by key markets: Europe, Latin America, and Asia. Each design creates a strong sense of tranquility and a feeling of being at home.<\/span><\/p><p><span style=\"font-weight: 400;\">The designs of the Monterrey IBIS Airport rooms aim to be sophisticated and eco-friendly, while still offering a premium experience. Each room is designed to transform itself into a workspace during the day.<\/span><\/p><\/div>\n\t\t\t\t\t\t\t\t\t<div class=\"konte-tab__title konte-tab__title--mobile\" data-tab=\"3\" role=\"tab\">Team<\/div>\n\t\t\t\t\t<div id=\"konte-tab-content-2573\" class=\"konte-tab__content clearfix\" data-tab=\"3\" role=\"tabpanel\" aria-labelledby=\"konte-tab-title-2573\"><p><span style=\"font-weight: 400;\">Project Management: Francisco Navarro<\/span><\/p><p><span style=\"font-weight: 400;\">Interior Design: Vicky Navarro, Gabriela Cacho<\/span><\/p><p><span style=\"font-weight: 400;\">Creative Direction: Laura S\u00e1nchez<\/span><\/p><p><span style=\"font-weight: 400;\">Execution Supervision: Diego Trejo<\/span><\/p><p><span style=\"font-weight: 400;\">Project: Proyecto: Abigail Hern\u00e1ndez, Sandra Garfias, Diana Aceves, Aranza Gallaga, Eunice Arteaga, Eduardo Orrante, Adrian Espinoza, Edson M\u00e1rquez.<\/span><\/p><p><span style=\"font-weight: 400;\">3D Visualization: Geovani Mart\u00ednez, Carolina Sosa<\/span><\/p><p><span style=\"font-weight: 400;\">Lightning Design Project: Victor Palacio, Enrique Wilde.<\/span><\/p><\/div>\n\t\t\t\t\t\t\t<\/div>\n\t\t<\/div>\n\t\t\t\t<\/div>\n\t\t\t\t<\/div>\n\t\t\t\t<\/div>\n\t\t<div class=\"elementor-element elementor-element-6d277d0 e-flex e-con-boxed e-con e-parent\" data-id=\"6d277d0\" data-element_type=\"container\">\n\t\t\t\t\t<div class=\"e-con-inner\">\n\t\t\t\t<div class=\"elementor-element elementor-element-a4ed03c elementor-widget elementor-widget-spacer\" data-id=\"a4ed03c\" data-element_type=\"widget\" data-widget_type=\"spacer.default\">\n\t\t\t\t<div class=\"elementor-widget-container\">\n\t\t\t\t\t<div class=\"elementor-spacer\">\n\t\t\t<div class=\"elementor-spacer-inner\"><\/div>\n\t\t<\/div>\n\t\t\t\t<\/div>\n\t\t\t\t<\/div>\n\t\t\t\t\t<\/div>\n\t\t\t\t<\/div>\n\t\t<div class=\"elementor-element elementor-element-3d3ec64 e-flex e-con-boxed e-con e-parent\" data-id=\"3d3ec64\" data-element_type=\"container\">\n\t\t\t\t\t<div class=\"e-con-inner\">\n\t\t\t\t<div class=\"elementor-element elementor-element-5b1ff75 elementor-hidden-tablet elementor-hidden-mobile elementor-widget elementor-widget-konte-banner-grid\" data-id=\"5b1ff75\" data-element_type=\"widget\" data-widget_type=\"konte-banner-grid.default\">\n\t\t\t\t<div class=\"elementor-widget-container\">\n\t\t\t\t\t<div class=\"konte-banner-grid konte-banner-grid--elementor\">\n\t\t\t\t\t<div class=\"konte-banner-grid__banner konte-banner-grid__banner1 text-position-top-left konte-banner-grid__banner--content-top-left\">\n\t\t\t<span class=\"konte-banner-grid__banner-link\" title=\"\">\n\t\t\t\t<span class=\"konte-banner-grid__banner-image banner-image\"><\/span>\n\t\t\t\t<span class=\"konte-banner-grid__banner-content banner-content\">\n\t\t\t\t\t\n\t\t\t\t\t<span class=\"konte-banner-grid__banner-text button-title\"><\/span>\n\n\t\t\t\t\t\t\t\t\t<\/span>\n\t\t\t<\/span>\n\t\t<\/div>\n\t\t\t\t<div class=\"konte-banner-grid__banner konte-banner-grid__banner2 text-position-top-left konte-banner-grid__banner--content-top-left\">\n\t\t\t<span class=\"konte-banner-grid__banner-link\" title=\"\">\n\t\t\t\t<span class=\"konte-banner-grid__banner-image banner-image\"><\/span>\n\t\t\t\t<span class=\"konte-banner-grid__banner-content banner-content\">\n\t\t\t\t\t\n\t\t\t\t\t<span class=\"konte-banner-grid__banner-text button-title\"><\/span>\n\n\t\t\t\t\t\t\t\t\t<\/span>\n\t\t\t<\/span>\n\t\t<\/div>\n\t\t\t\t<div class=\"konte-banner-grid__banner konte-banner-grid__banner3 text-position-top-left konte-banner-grid__banner--content-top-left\">\n\t\t\t<span class=\"konte-banner-grid__banner-link\" title=\"\">\n\t\t\t\t<span class=\"konte-banner-grid__banner-image banner-image\"><\/span>\n\t\t\t\t<span class=\"konte-banner-grid__banner-content banner-content\">\n\t\t\t\t\t\n\t\t\t\t\t<span class=\"konte-banner-grid__banner-text button-title\"><\/span>\n\n\t\t\t\t\t\t\t\t\t<\/span>\n\t\t\t<\/span>\n\t\t<\/div>\n\t\t\t\t<div class=\"konte-banner-grid__banner konte-banner-grid__banner4 text-position-top-left konte-banner-grid__banner--content-top-left\">\n\t\t\t<span class=\"konte-banner-grid__banner-link\" title=\"\">\n\t\t\t\t<span class=\"konte-banner-grid__banner-image banner-image\"><\/span>\n\t\t\t\t<span class=\"konte-banner-grid__banner-content banner-content\">\n\t\t\t\t\t\n\t\t\t\t\t<span class=\"konte-banner-grid__banner-text button-title\"><\/span>\n\n\t\t\t\t\t\t\t\t\t<\/span>\n\t\t\t<\/span>\n\t\t<\/div>\n\t\t\t\t<\/div>\n\t\t\t\t<\/div>\n\t\t\t\t<\/div>\n\t\t\t\t\t<\/div>\n\t\t\t\t<\/div>\n\t\t<div class=\"elementor-element elementor-element-dfb71fa e-flex e-con-boxed e-con e-parent\" data-id=\"dfb71fa\" data-element_type=\"container\">\n\t\t\t\t\t<div class=\"e-con-inner\">\n\t\t\t\t<div class=\"elementor-element elementor-element-7daf24f elementor-widget elementor-widget-gallery\" data-id=\"7daf24f\" data-element_type=\"widget\" data-settings=\"{&quot;lazyload&quot;:&quot;yes&quot;,&quot;gallery_layout&quot;:&quot;grid&quot;,&quot;columns&quot;:4,&quot;columns_tablet&quot;:2,&quot;columns_mobile&quot;:1,&quot;gap&quot;:{&quot;unit&quot;:&quot;px&quot;,&quot;size&quot;:10,&quot;sizes&quot;:[]},&quot;gap_tablet&quot;:{&quot;unit&quot;:&quot;px&quot;,&quot;size&quot;:10,&quot;sizes&quot;:[]},&quot;gap_mobile&quot;:{&quot;unit&quot;:&quot;px&quot;,&quot;size&quot;:10,&quot;sizes&quot;:[]},&quot;link_to&quot;:&quot;file&quot;,&quot;aspect_ratio&quot;:&quot;3:2&quot;,&quot;overlay_background&quot;:&quot;yes&quot;,&quot;content_hover_animation&quot;:&quot;fade-in&quot;}\" data-widget_type=\"gallery.default\">\n\t\t\t\t<div class=\"elementor-widget-container\">\n\t\t\t\t\t<div class=\"elementor-gallery__container\">\n\t\t\t\t\t\t\t<a class=\"e-gallery-item elementor-gallery-item elementor-animated-content\" href=\"https:\/\/sellon.mx\/wp-content\/uploads\/2024\/11\/Ibis-Mty-Aeropuerto_7.jpeg\" data-elementor-open-lightbox=\"yes\" data-elementor-lightbox-slideshow=\"7daf24f\" data-elementor-lightbox-title=\"Ibis Mty Aeropuerto 7\" data-e-action-hash=\"#elementor-action%3Aaction%3Dlightbox%26settings%3DeyJpZCI6NDY2MCwidXJsIjoiaHR0cHM6XC9cL3NlbGxvbi5teFwvd3AtY29udGVudFwvdXBsb2Fkc1wvMjAyNFwvMTFcL0liaXMtTXR5LUFlcm9wdWVydG9fNy5qcGVnIiwic2xpZGVzaG93IjoiN2RhZjI0ZiJ9\">\n\t\t\t\t\t<div class=\"e-gallery-image elementor-gallery-item__image\" data-thumbnail=\"https:\/\/sellon.mx\/wp-content\/uploads\/2024\/11\/Ibis-Mty-Aeropuerto_7.jpeg\" data-width=\"2500\" data-height=\"2500\" aria-label=\"\" role=\"img\" ><\/div>\n\t\t\t\t\t\t\t\t\t\t\t<div class=\"elementor-gallery-item__overlay\"><\/div>\n\t\t\t\t\t\t\t\t\t\t\t\t\t\t<\/a>\n\t\t\t\t\t\t\t<a class=\"e-gallery-item elementor-gallery-item elementor-animated-content\" href=\"https:\/\/sellon.mx\/wp-content\/uploads\/2024\/11\/Ibis-Mty-Aeropuerto_12.jpeg\" data-elementor-open-lightbox=\"yes\" data-elementor-lightbox-slideshow=\"7daf24f\" data-elementor-lightbox-title=\"Ibis Mty Aeropuerto 12\" data-e-action-hash=\"#elementor-action%3Aaction%3Dlightbox%26settings%3DeyJpZCI6NDY1MiwidXJsIjoiaHR0cHM6XC9cL3NlbGxvbi5teFwvd3AtY29udGVudFwvdXBsb2Fkc1wvMjAyNFwvMTFcL0liaXMtTXR5LUFlcm9wdWVydG9fMTIuanBlZyIsInNsaWRlc2hvdyI6IjdkYWYyNGYifQ%3D%3D\">\n\t\t\t\t\t<div class=\"e-gallery-image elementor-gallery-item__image\" data-thumbnail=\"https:\/\/sellon.mx\/wp-content\/uploads\/2024\/11\/Ibis-Mty-Aeropuerto_12.jpeg\" data-width=\"1999\" data-height=\"1538\" aria-label=\"\" role=\"img\" ><\/div>\n\t\t\t\t\t\t\t\t\t\t\t<div class=\"elementor-gallery-item__overlay\"><\/div>\n\t\t\t\t\t\t\t\t\t\t\t\t\t\t<\/a>\n\t\t\t\t\t\t\t<a class=\"e-gallery-item elementor-gallery-item elementor-animated-content\" href=\"https:\/\/sellon.mx\/wp-content\/uploads\/2024\/11\/Ibis-Mty-Aeropuerto_4-scaled.jpeg\" data-elementor-open-lightbox=\"yes\" data-elementor-lightbox-slideshow=\"7daf24f\" data-elementor-lightbox-title=\"Ibis Mty Aeropuerto 4\" data-e-action-hash=\"#elementor-action%3Aaction%3Dlightbox%26settings%3DeyJpZCI6NDY2NywidXJsIjoiaHR0cHM6XC9cL3NlbGxvbi5teFwvd3AtY29udGVudFwvdXBsb2Fkc1wvMjAyNFwvMTFcL0liaXMtTXR5LUFlcm9wdWVydG9fNC1zY2FsZWQuanBlZyIsInNsaWRlc2hvdyI6IjdkYWYyNGYifQ%3D%3D\">\n\t\t\t\t\t<div class=\"e-gallery-image elementor-gallery-item__image\" data-thumbnail=\"https:\/\/sellon.mx\/wp-content\/uploads\/2024\/11\/Ibis-Mty-Aeropuerto_4-scaled.jpeg\" data-width=\"2560\" data-height=\"1422\" aria-label=\"\" role=\"img\" ><\/div>\n\t\t\t\t\t\t\t\t\t\t\t<div class=\"elementor-gallery-item__overlay\"><\/div>\n\t\t\t\t\t\t\t\t\t\t\t\t\t\t<\/a>\n\t\t\t\t\t\t\t<a class=\"e-gallery-item elementor-gallery-item elementor-animated-content\" href=\"https:\/\/sellon.mx\/wp-content\/uploads\/2024\/11\/Ibis-Mty-Aeropuerto_6.jpeg\" data-elementor-open-lightbox=\"yes\" data-elementor-lightbox-slideshow=\"7daf24f\" data-elementor-lightbox-title=\"Ibis Mty Aeropuerto 6\" data-e-action-hash=\"#elementor-action%3Aaction%3Dlightbox%26settings%3DeyJpZCI6NDY2MywidXJsIjoiaHR0cHM6XC9cL3NlbGxvbi5teFwvd3AtY29udGVudFwvdXBsb2Fkc1wvMjAyNFwvMTFcL0liaXMtTXR5LUFlcm9wdWVydG9fNi5qcGVnIiwic2xpZGVzaG93IjoiN2RhZjI0ZiJ9\">\n\t\t\t\t\t<div class=\"e-gallery-image elementor-gallery-item__image\" data-thumbnail=\"https:\/\/sellon.mx\/wp-content\/uploads\/2024\/11\/Ibis-Mty-Aeropuerto_6.jpeg\" data-width=\"2500\" data-height=\"2500\" aria-label=\"\" role=\"img\" ><\/div>\n\t\t\t\t\t\t\t\t\t\t\t<div class=\"elementor-gallery-item__overlay\"><\/div>\n\t\t\t\t\t\t\t\t\t\t\t\t\t\t<\/a>\n\t\t\t\t\t<\/div>\n\t\t\t<\/div>\n\t\t\t\t<\/div>\n\t\t\t\t<div class=\"elementor-element elementor-element-f7d9449 elementor-widget elementor-widget-spacer\" data-id=\"f7d9449\" data-element_type=\"widget\" data-widget_type=\"spacer.default\">\n\t\t\t\t<div class=\"elementor-widget-container\">\n\t\t\t\t\t<div class=\"elementor-spacer\">\n\t\t\t<div class=\"elementor-spacer-inner\"><\/div>\n\t\t<\/div>\n\t\t\t\t<\/div>\n\t\t\t\t<\/div>\n\t\t\t\t\t<\/div>\n\t\t\t\t<\/div>\n\t\t<div class=\"elementor-element elementor-element-5a61ebe8 e-flex e-con-boxed e-con e-parent\" data-id=\"5a61ebe8\" data-element_type=\"container\">\n\t\t\t\t\t<div class=\"e-con-inner\">\n\t\t<div class=\"elementor-element elementor-element-71260aff e-con-full e-flex e-con e-child\" data-id=\"71260aff\" data-element_type=\"container\">\n\t\t<div class=\"elementor-element elementor-element-715fed8d e-con-full e-flex e-con e-child\" data-id=\"715fed8d\" data-element_type=\"container\">\n\t\t<div class=\"elementor-element elementor-element-5e8a23d7 e-con-full e-flex e-con e-child\" data-id=\"5e8a23d7\" data-element_type=\"container\">\n\t\t\t\t<div class=\"elementor-element elementor-element-7a82676b elementor-view-default elementor-widget elementor-widget-icon\" data-id=\"7a82676b\" data-element_type=\"widget\" data-widget_type=\"icon.default\">\n\t\t\t\t<div class=\"elementor-widget-container\">\n\t\t\t\t\t<div class=\"elementor-icon-wrapper\">\n\t\t\t<div class=\"elementor-icon\">\n\t\t\t<svg aria-hidden=\"true\" class=\"e-font-icon-svg e-far-dot-circle\" viewbox=\"0 0 512 512\" xmlns=\"http:\/\/www.w3.org\/2000\/svg\"><path d=\"M256 56c110.532 0 200 89.451 200 200 0 110.532-89.451 200-200 200-110.532 0-200-89.451-200-200 0-110.532 89.451-200 200-200m0-48C119.033 8 8 119.033 8 256s111.033 248 248 248 248-111.033 248-248S392.967 8 256 8zm0 168c-44.183 0-80 35.817-80 80s35.817 80 80 80 80-35.817 80-80-35.817-80-80-80z\"><\/path><\/svg>\t\t\t<\/div>\n\t\t<\/div>\n\t\t\t\t<\/div>\n\t\t\t\t<\/div>\n\t\t\t\t<div class=\"elementor-element elementor-element-5c9bab53 elementor-widget elementor-widget-text-editor\" data-id=\"5c9bab53\" data-element_type=\"widget\" data-widget_type=\"text-editor.default\">\n\t\t\t\t<div class=\"elementor-widget-container\">\n\t\t\t\t\t\t\t<p>Contact Us<\/p>\t\t\t\t\t\t<\/div>\n\t\t\t\t<\/div>\n\t\t\t\t<div class=\"elementor-element elementor-element-5f23ab09 elementor-widget elementor-widget-text-editor\" data-id=\"5f23ab09\" data-element_type=\"widget\" data-widget_type=\"text-editor.default\">\n\t\t\t\t<div class=\"elementor-widget-container\">\n\t\t\t\t\t\t\t<p><span style=\"font-weight: 400;\">hola@sellon.mx<\/span><\/p>\t\t\t\t\t\t<\/div>\n\t\t\t\t<\/div>\n\t\t\t\t<div class=\"elementor-element elementor-element-92ba93f elementor-widget elementor-widget-text-editor\" data-id=\"92ba93f\" data-element_type=\"widget\" data-widget_type=\"text-editor.default\">\n\t\t\t\t<div class=\"elementor-widget-container\">\n\t\t\t\t\t\t\t<p><span style=\"font-weight: 400;\">IG <a href=\"https:\/\/www.instagram.com\/sello.n\/\">@sello<\/a><\/span><\/p>\t\t\t\t\t\t<\/div>\n\t\t\t\t<\/div>\n\t\t\t\t<div class=\"elementor-element elementor-element-e2e28b0 elementor-widget elementor-widget-text-editor\" data-id=\"e2e28b0\" data-element_type=\"widget\" data-widget_type=\"text-editor.default\">\n\t\t\t\t<div class=\"elementor-widget-container\">\n\t\t\t\t\t\t\t<p><span style=\"font-weight: 400;\">LinkedIn <a href=\"https:\/\/www.linkedin.com\/company\/sello-n\/\">Sello N<\/a><\/span><\/p>\t\t\t\t\t\t<\/div>\n\t\t\t\t<\/div>\n\t\t\t\t<\/div>\n\t\t\t\t<\/div>\n\t\t\t\t<\/div>\n\t\t<div class=\"elementor-element elementor-element-7ff0f00e e-con-full e-flex e-con e-child\" data-id=\"7ff0f00e\" data-element_type=\"container\">\n\t\t\t\t<\/div>\n\t\t<div class=\"elementor-element elementor-element-4fcee654 e-con-full e-flex e-con e-child\" data-id=\"4fcee654\" data-element_type=\"container\">\n\t\t\t\t<\/div>\n\t\t\t\t\t<\/div>\n\t\t\t\t<\/div>\n\t\t\t\t<\/div>","protected":false},"excerpt":{"rendered":"<p>IBIS MONTERREY AEROPUERTO Regresar Giro Hospitalidad Cliente IBIS Aeropuerto Mty A\u00f1o 2024 Status En Construcci\u00f3n IBIS Moterrey Aeropuerto Intervenci\u00f3n Contexto Equipo Intervenci\u00f3n Direcci\u00f3n y Supervisi\u00f3n Arquitect\u00f3nica Dise\u00f1o de Interiores Contexto&hellip;<\/p>","protected":false},"author":1,"featured_media":0,"parent":0,"menu_order":0,"comment_status":"closed","ping_status":"closed","template":"","meta":{"_monsterinsights_skip_tracking":false,"_monsterinsights_sitenote_active":false,"_monsterinsights_sitenote_note":"","_monsterinsights_sitenote_category":0,"footnotes":""},"class_list":["post-4683","page","type-page","status-publish","hentry"],"aioseo_notices":[],"_links":{"self":[{"href":"https:\/\/sellon.mx\/en\/wp-json\/wp\/v2\/pages\/4683"}],"collection":[{"href":"https:\/\/sellon.mx\/en\/wp-json\/wp\/v2\/pages"}],"about":[{"href":"https:\/\/sellon.mx\/en\/wp-json\/wp\/v2\/types\/page"}],"author":[{"embeddable":true,"href":"https:\/\/sellon.mx\/en\/wp-json\/wp\/v2\/users\/1"}],"replies":[{"embeddable":true,"href":"https:\/\/sellon.mx\/en\/wp-json\/wp\/v2\/comments?post=4683"}],"version-history":[{"count":51,"href":"https:\/\/sellon.mx\/en\/wp-json\/wp\/v2\/pages\/4683\/revisions"}],"predecessor-version":[{"id":5895,"href":"https:\/\/sellon.mx\/en\/wp-json\/wp\/v2\/pages\/4683\/revisions\/5895"}],"wp:attachment":[{"href":"https:\/\/sellon.mx\/en\/wp-json\/wp\/v2\/media?parent=4683"}],"curies":[{"name":"wp","href":"https:\/\/api.w.org\/{rel}","templated":true}]}}