{"id":3814,"date":"2024-10-18T00:45:28","date_gmt":"2024-10-18T00:45:28","guid":{"rendered":"https:\/\/sellon.mx\/?page_id=3814"},"modified":"2025-01-09T23:39:02","modified_gmt":"2025-01-09T23:39:02","slug":"proyectos-sellon","status":"publish","type":"page","link":"https:\/\/sellon.mx\/en\/proyectos-sellon\/","title":{"rendered":"Projects"},"content":{"rendered":"<div data-elementor-type=\"wp-page\" data-elementor-id=\"3814\" class=\"elementor elementor-3814\" data-elementor-post-type=\"page\">\n\t\t\t\t<div class=\"elementor-element elementor-element-2999f90 e-flex e-con-boxed e-con e-parent\" data-id=\"2999f90\" data-element_type=\"container\">\n\t\t\t\t\t<div class=\"e-con-inner\">\n\t\t\t\t<div class=\"elementor-element elementor-element-67a7014 elementor-widget elementor-widget-heading\" data-id=\"67a7014\" data-element_type=\"widget\" data-widget_type=\"heading.default\">\n\t\t\t\t<div class=\"elementor-widget-container\">\n\t\t\t<h1 class=\"elementor-heading-title elementor-size-default\">PROJECTS<\/h1>\t\t<\/div>\n\t\t\t\t<\/div>\n\t\t\t\t<div class=\"elementor-element elementor-element-2749870 elementor-widget elementor-widget-heading\" data-id=\"2749870\" data-element_type=\"widget\" data-widget_type=\"heading.default\">\n\t\t\t\t<div class=\"elementor-widget-container\">\n\t\t\t<h5 class=\"elementor-heading-title elementor-size-default\"><a href=\"https:\/\/sellon.mx\/en\/\">Regresar<\/a><\/h5>\t\t<\/div>\n\t\t\t\t<\/div>\n\t\t\t\t\t<\/div>\n\t\t\t\t<\/div>\n\t\t<div class=\"elementor-element elementor-element-308da38 e-flex e-con-boxed e-con e-parent\" data-id=\"308da38\" data-element_type=\"container\">\n\t\t\t\t\t<div class=\"e-con-inner\">\n\t\t<div class=\"elementor-element elementor-element-397a800 e-con-full e-flex e-con e-child\" data-id=\"397a800\" data-element_type=\"container\">\n\t\t\t\t<\/div>\n\t\t<div class=\"elementor-element elementor-element-9e22ce5 e-con-full e-flex e-con e-child\" data-id=\"9e22ce5\" data-element_type=\"container\">\n\t\t\t\t<div class=\"elementor-element elementor-element-d99d30f elementor-widget__width-initial elementor-widget elementor-widget-text-editor\" data-id=\"d99d30f\" data-element_type=\"widget\" data-widget_type=\"text-editor.default\">\n\t\t\t\t<div class=\"elementor-widget-container\">\n\t\t\t\t\t\t\t<p>We are an Interior Design and Architecture studio primarily focused on hospitality and F&amp;B. Here, we share some of our developments for the hotel industry, as well as other corporate and wellness projects.<\/p>\t\t\t\t\t\t<\/div>\n\t\t\t\t<\/div>\n\t\t\t\t<\/div>\n\t\t\t\t\t<\/div>\n\t\t\t\t<\/div>\n\t\t<div class=\"elementor-element elementor-element-25512e7 e-con-full e-flex e-con e-parent\" data-id=\"25512e7\" data-element_type=\"container\">\n\t\t\t\t<div class=\"elementor-element elementor-element-c9d4aeb elementor-widget elementor-widget-konte-banner-grid\" data-id=\"c9d4aeb\" data-element_type=\"widget\" data-widget_type=\"konte-banner-grid.default\">\n\t\t\t\t<div class=\"elementor-widget-container\">\n\t\t\t\t\t<div class=\"konte-banner-grid konte-banner-grid--elementor\">\n\t\t\t\t\t<div class=\"konte-banner-grid__banner konte-banner-grid__banner1 text-position-top-left konte-banner-grid__banner--content-top-left\">\n\t\t\t<a class=\"konte-banner-grid__banner-link\" href=\"https:\/\/sellon.mx\/en\/novotel-wtc\/\" title=\"NOVOTEL WTC\">\n\t\t\t\t<span class=\"konte-banner-grid__banner-image banner-image\"><\/span>\n\t\t\t\t<span class=\"konte-banner-grid__banner-content banner-content\">\n\t\t\t\t\t\t\t\t\t\t\t<span class=\"konte-banner-grid__banner-tagline\">HOSPITALITY<\/span>\n\t\t\t\t\t\n\t\t\t\t\t<span class=\"konte-banner-grid__banner-text button-title\">NOVOTEL WTC<\/span>\n\n\t\t\t\t\t\t\t\t\t\t\t<span class=\"konte-button button-underline underline-small underline-left\">Go to Project<\/span>\n\t\t\t\t\t\t\t\t\t<\/span>\n\t\t\t<\/a>\n\t\t<\/div>\n\t\t\t\t<div class=\"konte-banner-grid__banner konte-banner-grid__banner2 text-position-top-left konte-banner-grid__banner--content-top-left\">\n\t\t\t<a class=\"konte-banner-grid__banner-link\" href=\"https:\/\/sellon.mx\/en\/novotel-centro-historico\/\" title=\"NOVOTEL CENTRO HIST\u00d3RICO\">\n\t\t\t\t<span class=\"konte-banner-grid__banner-image banner-image\"><\/span>\n\t\t\t\t<span class=\"konte-banner-grid__banner-content banner-content\">\n\t\t\t\t\t\t\t\t\t\t\t<span class=\"konte-banner-grid__banner-tagline\">HOSPITALITY<\/span>\n\t\t\t\t\t\n\t\t\t\t\t<span class=\"konte-banner-grid__banner-text button-title\">NOVOTEL CENTRO HIST\u00d3RICO<\/span>\n\n\t\t\t\t\t\t\t\t\t\t\t<span class=\"konte-button button-underline underline-small underline-left\">Go to Project<\/span>\n\t\t\t\t\t\t\t\t\t<\/span>\n\t\t\t<\/a>\n\t\t<\/div>\n\t\t\t\t<div class=\"konte-banner-grid__banner konte-banner-grid__banner3 text-position-top-left konte-banner-grid__banner--content-top-left\">\n\t\t\t<a class=\"konte-banner-grid__banner-link\" href=\"https:\/\/sellon.mx\/en\/ibis-monterrey\/\" title=\"IBIS STYLES MONTERREY\">\n\t\t\t\t<span class=\"konte-banner-grid__banner-image banner-image\"><\/span>\n\t\t\t\t<span class=\"konte-banner-grid__banner-content banner-content\">\n\t\t\t\t\t\t\t\t\t\t\t<span class=\"konte-banner-grid__banner-tagline\">HOSPITALITY<\/span>\n\t\t\t\t\t\n\t\t\t\t\t<span class=\"konte-banner-grid__banner-text button-title\">IBIS STYLES MONTERREY<\/span>\n\n\t\t\t\t\t\t\t\t\t\t\t<span class=\"konte-button button-underline underline-small underline-left\">Go to Project<\/span>\n\t\t\t\t\t\t\t\t\t<\/span>\n\t\t\t<\/a>\n\t\t<\/div>\n\t\t\t\t<div class=\"konte-banner-grid__banner konte-banner-grid__banner4 text-position-top-left konte-banner-grid__banner--content-top-left\">\n\t\t\t<a class=\"konte-banner-grid__banner-link\" href=\"https:\/\/sellon.mx\/en\/novotel-monterrey\/\" title=\"NOVOTEL MONTERREY\">\n\t\t\t\t<span class=\"konte-banner-grid__banner-image banner-image\"><\/span>\n\t\t\t\t<span class=\"konte-banner-grid__banner-content banner-content\">\n\t\t\t\t\t\t\t\t\t\t\t<span class=\"konte-banner-grid__banner-tagline\">HOSPITALITY<\/span>\n\t\t\t\t\t\n\t\t\t\t\t<span class=\"konte-banner-grid__banner-text button-title\">NOVOTEL MONTERREY<\/span>\n\n\t\t\t\t\t\t\t\t\t\t\t<span class=\"konte-button button-underline underline-small underline-left\">Go to Project<\/span>\n\t\t\t\t\t\t\t\t\t<\/span>\n\t\t\t<\/a>\n\t\t<\/div>\n\t\t\t\t<\/div>\n\t\t\t\t<\/div>\n\t\t\t\t<\/div>\n\t\t\t\t<\/div>\n\t\t<div class=\"elementor-element elementor-element-e5e49ff e-con-full e-flex e-con e-parent\" data-id=\"e5e49ff\" data-element_type=\"container\">\n\t\t\t\t<div class=\"elementor-element elementor-element-40917cf elementor-widget elementor-widget-konte-banner-grid\" data-id=\"40917cf\" data-element_type=\"widget\" data-widget_type=\"konte-banner-grid.default\">\n\t\t\t\t<div class=\"elementor-widget-container\">\n\t\t\t\t\t<div class=\"konte-banner-grid konte-banner-grid--elementor\">\n\t\t\t\t\t<div class=\"konte-banner-grid__banner konte-banner-grid__banner1 text-position-top-left konte-banner-grid__banner--content-top-left\">\n\t\t\t<a class=\"konte-banner-grid__banner-link\" href=\"https:\/\/sellon.mx\/en\/novotel-santa-fe\/\" title=\"NOVOTEL SANTA FE\">\n\t\t\t\t<span class=\"konte-banner-grid__banner-image banner-image\"><\/span>\n\t\t\t\t<span class=\"konte-banner-grid__banner-content banner-content\">\n\t\t\t\t\t\t\t\t\t\t\t<span class=\"konte-banner-grid__banner-tagline\">HOSPITALITY<\/span>\n\t\t\t\t\t\n\t\t\t\t\t<span class=\"konte-banner-grid__banner-text button-title\">NOVOTEL SANTA FE<\/span>\n\n\t\t\t\t\t\t\t\t\t\t\t<span class=\"konte-button button-underline underline-small underline-left\">Go to Project<\/span>\n\t\t\t\t\t\t\t\t\t<\/span>\n\t\t\t<\/a>\n\t\t<\/div>\n\t\t\t\t<div class=\"konte-banner-grid__banner konte-banner-grid__banner2 text-position-top-left konte-banner-grid__banner--content-top-left\">\n\t\t\t<a class=\"konte-banner-grid__banner-link\" href=\"https:\/\/sellon.mx\/en\/tres-amates\/\" title=\"TRES AMATES\">\n\t\t\t\t<span class=\"konte-banner-grid__banner-image banner-image\"><\/span>\n\t\t\t\t<span class=\"konte-banner-grid__banner-content banner-content\">\n\t\t\t\t\t\t\t\t\t\t\t<span class=\"konte-banner-grid__banner-tagline\">HOSPITALITY<\/span>\n\t\t\t\t\t\n\t\t\t\t\t<span class=\"konte-banner-grid__banner-text button-title\">TRES AMATES<\/span>\n\n\t\t\t\t\t\t\t\t\t\t\t<span class=\"konte-button button-underline underline-small underline-left\">Go to Project<\/span>\n\t\t\t\t\t\t\t\t\t<\/span>\n\t\t\t<\/a>\n\t\t<\/div>\n\t\t\t\t<div class=\"konte-banner-grid__banner konte-banner-grid__banner3 text-position-top-left konte-banner-grid__banner--content-top-left\">\n\t\t\t<a class=\"konte-banner-grid__banner-link\" href=\"https:\/\/sellon.mx\/en\/ilmex\/\" title=\"ILMEX\">\n\t\t\t\t<span class=\"konte-banner-grid__banner-image banner-image\"><\/span>\n\t\t\t\t<span class=\"konte-banner-grid__banner-content banner-content\">\n\t\t\t\t\t\t\t\t\t\t\t<span class=\"konte-banner-grid__banner-tagline\">CORPORATE<\/span>\n\t\t\t\t\t\n\t\t\t\t\t<span class=\"konte-banner-grid__banner-text button-title\">ILMEX<\/span>\n\n\t\t\t\t\t\t\t\t\t\t\t<span class=\"konte-button button-underline underline-small underline-left\">Go to Project<\/span>\n\t\t\t\t\t\t\t\t\t<\/span>\n\t\t\t<\/a>\n\t\t<\/div>\n\t\t\t\t<div class=\"konte-banner-grid__banner konte-banner-grid__banner4 text-position-top-left konte-banner-grid__banner--content-top-left\">\n\t\t\t<a class=\"konte-banner-grid__banner-link\" href=\"https:\/\/sellon.mx\/en\/ibis-aeropuerto\/\" title=\"IBIS MONTERREY AEROPUERTO\">\n\t\t\t\t<span class=\"konte-banner-grid__banner-image banner-image\"><\/span>\n\t\t\t\t<span class=\"konte-banner-grid__banner-content banner-content\">\n\t\t\t\t\t\t\t\t\t\t\t<span class=\"konte-banner-grid__banner-tagline\">HOSPITALITY<\/span>\n\t\t\t\t\t\n\t\t\t\t\t<span class=\"konte-banner-grid__banner-text button-title\">IBIS MONTERREY AEROPUERTO<\/span>\n\n\t\t\t\t\t\t\t\t\t\t\t<span class=\"konte-button button-underline underline-small underline-left\">Go to Project<\/span>\n\t\t\t\t\t\t\t\t\t<\/span>\n\t\t\t<\/a>\n\t\t<\/div>\n\t\t\t\t<\/div>\n\t\t\t\t<\/div>\n\t\t\t\t<\/div>\n\t\t\t\t<\/div>\n\t\t<div class=\"elementor-element elementor-element-7031440 e-con-full e-flex e-con e-parent\" data-id=\"7031440\" data-element_type=\"container\">\n\t\t\t\t<div class=\"elementor-element elementor-element-146413c elementor-widget elementor-widget-konte-banner-grid\" data-id=\"146413c\" data-element_type=\"widget\" data-widget_type=\"konte-banner-grid.default\">\n\t\t\t\t<div class=\"elementor-widget-container\">\n\t\t\t\t\t<div class=\"konte-banner-grid konte-banner-grid--elementor\">\n\t\t\t\t\t<div class=\"konte-banner-grid__banner konte-banner-grid__banner1 text-position-top-left konte-banner-grid__banner--content-top-left\">\n\t\t\t<a class=\"konte-banner-grid__banner-link\" href=\"https:\/\/sellon.mx\/en\/sushin-gonzalez\/\" title=\"SUSHIN GONZ\u00c1LEZ\">\n\t\t\t\t<span class=\"konte-banner-grid__banner-image banner-image\"><\/span>\n\t\t\t\t<span class=\"konte-banner-grid__banner-content banner-content\">\n\t\t\t\t\t\t\t\t\t\t\t<span class=\"konte-banner-grid__banner-tagline\">FOOD &amp; BEVERAGES<\/span>\n\t\t\t\t\t\n\t\t\t\t\t<span class=\"konte-banner-grid__banner-text button-title\">SUSHIN GONZ\u00c1LEZ<\/span>\n\n\t\t\t\t\t\t\t\t\t\t\t<span class=\"konte-button button-underline underline-small underline-left\">Go to Project<\/span>\n\t\t\t\t\t\t\t\t\t<\/span>\n\t\t\t<\/a>\n\t\t<\/div>\n\t\t\t\t<div class=\"konte-banner-grid__banner konte-banner-grid__banner2 text-position-top-left konte-banner-grid__banner--content-top-left\">\n\t\t\t<a class=\"konte-banner-grid__banner-link\" href=\"https:\/\/sellon.mx\/en\/barro-santo\/\" title=\"BARRO SANTO\">\n\t\t\t\t<span class=\"konte-banner-grid__banner-image banner-image\"><\/span>\n\t\t\t\t<span class=\"konte-banner-grid__banner-content banner-content\">\n\t\t\t\t\t\t\t\t\t\t\t<span class=\"konte-banner-grid__banner-tagline\">FOOD &amp; BEVERAGES<\/span>\n\t\t\t\t\t\n\t\t\t\t\t<span class=\"konte-banner-grid__banner-text button-title\">BARRO SANTO<\/span>\n\n\t\t\t\t\t\t\t\t\t\t\t<span class=\"konte-button button-underline underline-small underline-left\">Go to Project<\/span>\n\t\t\t\t\t\t\t\t\t<\/span>\n\t\t\t<\/a>\n\t\t<\/div>\n\t\t\t\t<div class=\"konte-banner-grid__banner konte-banner-grid__banner3 text-position-top-left konte-banner-grid__banner--content-top-left\">\n\t\t\t<a class=\"konte-banner-grid__banner-link\" href=\"https:\/\/sellon.mx\/en\/mariscal\/\" title=\"MARISCAL\">\n\t\t\t\t<span class=\"konte-banner-grid__banner-image banner-image\"><\/span>\n\t\t\t\t<span class=\"konte-banner-grid__banner-content banner-content\">\n\t\t\t\t\t\t\t\t\t\t\t<span class=\"konte-banner-grid__banner-tagline\">LIVING<\/span>\n\t\t\t\t\t\n\t\t\t\t\t<span class=\"konte-banner-grid__banner-text button-title\">MARISCAL<\/span>\n\n\t\t\t\t\t\t\t\t\t\t\t<span class=\"konte-button button-underline underline-small underline-left\">Go to Project<\/span>\n\t\t\t\t\t\t\t\t\t<\/span>\n\t\t\t<\/a>\n\t\t<\/div>\n\t\t\t\t<div class=\"konte-banner-grid__banner konte-banner-grid__banner4 text-position-top-left konte-banner-grid__banner--content-top-left\">\n\t\t\t<a class=\"konte-banner-grid__banner-link\" href=\"https:\/\/sellon.mx\/en\/accor\/\" title=\"ACCOR\">\n\t\t\t\t<span class=\"konte-banner-grid__banner-image banner-image\"><\/span>\n\t\t\t\t<span class=\"konte-banner-grid__banner-content banner-content\">\n\t\t\t\t\t\t\t\t\t\t\t<span class=\"konte-banner-grid__banner-tagline\">CORPORATE<\/span>\n\t\t\t\t\t\n\t\t\t\t\t<span class=\"konte-banner-grid__banner-text button-title\">ACCOR<\/span>\n\n\t\t\t\t\t\t\t\t\t\t\t<span class=\"konte-button button-underline underline-small underline-left\">Go to Project<\/span>\n\t\t\t\t\t\t\t\t\t<\/span>\n\t\t\t<\/a>\n\t\t<\/div>\n\t\t\t\t<\/div>\n\t\t\t\t<\/div>\n\t\t\t\t<\/div>\n\t\t\t\t<\/div>\n\t\t<div class=\"elementor-element elementor-element-7e7aeb94 e-flex e-con-boxed e-con e-parent\" data-id=\"7e7aeb94\" data-element_type=\"container\">\n\t\t\t\t\t<div class=\"e-con-inner\">\n\t\t<div class=\"elementor-element elementor-element-cbeafb5 e-con-full e-flex e-con e-child\" data-id=\"cbeafb5\" data-element_type=\"container\">\n\t\t<div class=\"elementor-element elementor-element-2d5d8001 e-con-full e-flex e-con e-child\" data-id=\"2d5d8001\" data-element_type=\"container\">\n\t\t<div class=\"elementor-element elementor-element-245f38d e-con-full e-flex e-con e-child\" data-id=\"245f38d\" data-element_type=\"container\">\n\t\t\t\t<div class=\"elementor-element elementor-element-6c241169 elementor-view-default elementor-widget elementor-widget-icon\" data-id=\"6c241169\" data-element_type=\"widget\" data-widget_type=\"icon.default\">\n\t\t\t\t<div class=\"elementor-widget-container\">\n\t\t\t\t\t<div class=\"elementor-icon-wrapper\">\n\t\t\t<div class=\"elementor-icon\">\n\t\t\t<svg aria-hidden=\"true\" class=\"e-font-icon-svg e-far-dot-circle\" viewbox=\"0 0 512 512\" xmlns=\"http:\/\/www.w3.org\/2000\/svg\"><path d=\"M256 56c110.532 0 200 89.451 200 200 0 110.532-89.451 200-200 200-110.532 0-200-89.451-200-200 0-110.532 89.451-200 200-200m0-48C119.033 8 8 119.033 8 256s111.033 248 248 248 248-111.033 248-248S392.967 8 256 8zm0 168c-44.183 0-80 35.817-80 80s35.817 80 80 80 80-35.817 80-80-35.817-80-80-80z\"><\/path><\/svg>\t\t\t<\/div>\n\t\t<\/div>\n\t\t\t\t<\/div>\n\t\t\t\t<\/div>\n\t\t\t\t<div class=\"elementor-element elementor-element-1cb4512c elementor-widget elementor-widget-text-editor\" data-id=\"1cb4512c\" data-element_type=\"widget\" data-widget_type=\"text-editor.default\">\n\t\t\t\t<div class=\"elementor-widget-container\">\n\t\t\t\t\t\t\t<p>Contact Us<\/p>\t\t\t\t\t\t<\/div>\n\t\t\t\t<\/div>\n\t\t\t\t<div class=\"elementor-element elementor-element-288844c7 elementor-widget elementor-widget-text-editor\" data-id=\"288844c7\" data-element_type=\"widget\" data-widget_type=\"text-editor.default\">\n\t\t\t\t<div class=\"elementor-widget-container\">\n\t\t\t\t\t\t\t<p><span style=\"font-weight: 400;\">hola@sellon.mx<\/span><\/p>\t\t\t\t\t\t<\/div>\n\t\t\t\t<\/div>\n\t\t\t\t<div class=\"elementor-element elementor-element-7b09edb6 elementor-widget elementor-widget-text-editor\" data-id=\"7b09edb6\" data-element_type=\"widget\" data-widget_type=\"text-editor.default\">\n\t\t\t\t<div class=\"elementor-widget-container\">\n\t\t\t\t\t\t\t<p><span style=\"font-weight: 400;\">IG <a href=\"https:\/\/www.instagram.com\/sello.n\/\">@sello<\/a>.n<\/span><\/p>\t\t\t\t\t\t<\/div>\n\t\t\t\t<\/div>\n\t\t\t\t<div class=\"elementor-element elementor-element-63565d9f elementor-widget elementor-widget-text-editor\" data-id=\"63565d9f\" data-element_type=\"widget\" data-widget_type=\"text-editor.default\">\n\t\t\t\t<div class=\"elementor-widget-container\">\n\t\t\t\t\t\t\t<p><span style=\"font-weight: 400;\">LinkedIn <a href=\"https:\/\/www.linkedin.com\/company\/sello-n\/\">Sello N<\/a><\/span><\/p>\t\t\t\t\t\t<\/div>\n\t\t\t\t<\/div>\n\t\t\t\t<\/div>\n\t\t\t\t<\/div>\n\t\t\t\t<\/div>\n\t\t\t\t\t<\/div>\n\t\t\t\t<\/div>\n\t\t\t\t<\/div>","protected":false},"excerpt":{"rendered":"<p>PROYECTOS Regresar Somos un estudio de Dise\u00f1o de Interiores y Arquitectura dirigido principalmente a la hospitalidad y FF&amp;BB. Aqu\u00ed te compartimos algunos de nuestros desarrollos para hoteler\u00eda as\u00ed como otros&hellip;<\/p>","protected":false},"author":1,"featured_media":0,"parent":0,"menu_order":0,"comment_status":"closed","ping_status":"closed","template":"","meta":{"_monsterinsights_skip_tracking":false,"_monsterinsights_sitenote_active":false,"_monsterinsights_sitenote_note":"","_monsterinsights_sitenote_category":0,"footnotes":""},"class_list":["post-3814","page","type-page","status-publish","hentry"],"aioseo_notices":[],"_links":{"self":[{"href":"https:\/\/sellon.mx\/en\/wp-json\/wp\/v2\/pages\/3814"}],"collection":[{"href":"https:\/\/sellon.mx\/en\/wp-json\/wp\/v2\/pages"}],"about":[{"href":"https:\/\/sellon.mx\/en\/wp-json\/wp\/v2\/types\/page"}],"author":[{"embeddable":true,"href":"https:\/\/sellon.mx\/en\/wp-json\/wp\/v2\/users\/1"}],"replies":[{"embeddable":true,"href":"https:\/\/sellon.mx\/en\/wp-json\/wp\/v2\/comments?post=3814"}],"version-history":[{"count":263,"href":"https:\/\/sellon.mx\/en\/wp-json\/wp\/v2\/pages\/3814\/revisions"}],"predecessor-version":[{"id":5952,"href":"https:\/\/sellon.mx\/en\/wp-json\/wp\/v2\/pages\/3814\/revisions\/5952"}],"wp:attachment":[{"href":"https:\/\/sellon.mx\/en\/wp-json\/wp\/v2\/media?parent=3814"}],"curies":[{"name":"wp","href":"https:\/\/api.w.org\/{rel}","templated":true}]}}